{"id":2951,"date":"2020-05-07T08:55:40","date_gmt":"2020-05-07T08:55:46","guid":{"rendered":"https:\/\/innovate.baselarea.swiss\/?page_id=2951"},"modified":"2020-08-26T08:49:24","modified_gmt":"2020-08-26T08:49:24","slug":"branchen-und-initiativen","status":"publish","type":"page","link":"https:\/\/testinnovate.baselarea.swiss\/de\/branchen-und-initiativen\/","title":{"rendered":"Branchen und Initiativen"},"content":{"rendered":"[vc_row type=&#187;full_width_background&#187; full_screen_row_position=&#187;middle&#187; equal_height=&#187;yes&#187; content_placement=&#187;middle&#187; column_margin=&#187;default&#187; bg_image=&#187;1668&#8243; bg_position=&#187;center center&#187; bg_repeat=&#187;no-repeat&#187; scene_position=&#187;center&#187; text_color=&#187;dark&#187; text_align=&#187;left&#187; class=&#187;heroimage&#187; overlay_strength=&#187;0.3&#8243; shape_divider_position=&#187;bottom&#187; bg_image_animation=&#187;none&#187; shape_type=&#187;&#187;][vc_column column_padding=&#187;no-extra-padding&#187; column_padding_position=&#187;all&#187; background_color_opacity=&#187;0.4&#8243; background_hover_color_opacity=&#187;0.8&#8243; column_link_target=&#187;_self&#187; column_shadow=&#187;none&#187; column_border_radius=&#187;none&#187; el_class=&#187;hero-column&#187; width=&#187;1\/1&#8243; tablet_width_inherit=&#187;default&#187; tablet_text_alignment=&#187;default&#187; phone_text_alignment=&#187;default&#187; overlay_strength=&#187;0.3&#8243; column_border_width=&#187;none&#187; column_border_style=&#187;solid&#187; bg_image_animation=&#187;none&#187;][vc_row_inner column_margin=&#187;default&#187; text_align=&#187;left&#187;][vc_column_inner column_padding=&#187;no-extra-padding&#187; column_padding_position=&#187;all&#187; background_color_opacity=&#187;1&#8243; background_hover_color_opacity=&#187;1&#8243; column_shadow=&#187;none&#187; column_border_radius=&#187;none&#187; column_link_target=&#187;_self&#187; width=&#187;1\/4&#8243; tablet_width_inherit=&#187;default&#187; overlay_strength=&#187;0.3&#8243; column_border_width=&#187;none&#187; column_border_style=&#187;solid&#187; bg_image_animation=&#187;none&#187;][\/vc_column_inner][vc_column_inner column_padding=&#187;padding-4-percent&#187; column_padding_position=&#187;all&#187; background_color=&#187;#000000&#8243; background_color_opacity=&#187;0.7&#8243; background_hover_color_opacity=&#187;1&#8243; column_shadow=&#187;none&#187; column_border_radius=&#187;none&#187; column_link_target=&#187;_self&#187; width=&#187;1\/2&#8243; tablet_width_inherit=&#187;default&#187; overlay_strength=&#187;0.3&#8243; column_border_width=&#187;none&#187; column_border_style=&#187;solid&#187; bg_image_animation=&#187;none&#187;][vc_column_text]\n<h1 style=\"text-align: center;\"><span style=\"color: #ffffff;\">Branchen und Initiativen<\/span><\/h1>\n[\/vc_column_text][\/vc_column_inner][vc_column_inner column_padding=&#187;no-extra-padding&#187; column_padding_position=&#187;all&#187; background_color_opacity=&#187;1&#8243; background_hover_color_opacity=&#187;1&#8243; column_shadow=&#187;none&#187; column_border_radius=&#187;none&#187; column_link_target=&#187;_self&#187; width=&#187;1\/4&#8243; tablet_width_inherit=&#187;default&#187; overlay_strength=&#187;0.3&#8243; column_border_width=&#187;none&#187; column_border_style=&#187;solid&#187; bg_image_animation=&#187;none&#187;][\/vc_column_inner][\/vc_row_inner][\/vc_column][\/vc_row][vc_row type=&#187;in_container&#187; full_screen_row_position=&#187;middle&#187; column_margin=&#187;default&#187; scene_position=&#187;center&#187; text_color=&#187;dark&#187; text_align=&#187;left&#187; top_padding=&#187;5%&#187; bottom_padding=&#187;0&#8243; overlay_strength=&#187;0.3&#8243; shape_divider_position=&#187;bottom&#187; bg_image_animation=&#187;none&#187; shape_type=&#187;&#187;][vc_column centered_text=&#187;true&#187; column_padding=&#187;no-extra-padding&#187; column_padding_position=&#187;all&#187; background_color_opacity=&#187;1&#8243; background_hover_color_opacity=&#187;1&#8243; column_link_target=&#187;_self&#187; column_shadow=&#187;none&#187; column_border_radius=&#187;none&#187; width=&#187;1\/1&#8243; tablet_width_inherit=&#187;default&#187; tablet_text_alignment=&#187;default&#187; phone_text_alignment=&#187;default&#187; overlay_strength=&#187;0.3&#8243; column_border_width=&#187;none&#187; column_border_style=&#187;solid&#187; bg_image_animation=&#187;none&#187;][vc_row_inner column_margin=&#187;default&#187; bottom_padding=&#187;5%&#187; text_align=&#187;left&#187;][vc_column_inner column_padding=&#187;no-extra-padding&#187; column_padding_position=&#187;all&#187; background_color_opacity=&#187;1&#8243; background_hover_color_opacity=&#187;1&#8243; column_shadow=&#187;none&#187; column_border_radius=&#187;none&#187; column_link_target=&#187;_self&#187; width=&#187;1\/6&#8243; tablet_width_inherit=&#187;default&#187; overlay_strength=&#187;0.3&#8243; column_border_width=&#187;none&#187; column_border_style=&#187;solid&#187; bg_image_animation=&#187;none&#187;][\/vc_column_inner][vc_column_inner column_padding=&#187;no-extra-padding&#187; column_padding_position=&#187;all&#187; background_color_opacity=&#187;1&#8243; background_hover_color_opacity=&#187;1&#8243; column_shadow=&#187;none&#187; column_border_radius=&#187;none&#187; column_link_target=&#187;_self&#187; width=&#187;2\/3&#8243; tablet_width_inherit=&#187;default&#187; overlay_strength=&#187;0.3&#8243; column_border_width=&#187;none&#187; column_border_style=&#187;solid&#187; bg_image_animation=&#187;none&#187;][vc_column_text]\n<h5 style=\"text-align: center;\">Eine zukunftsgerichtete Perspektive und permanente Innovation verschaffen der Basel Area ihren Weltrang. Hier befindet sich eines der erfolgreichsten Innovations\u00f6kosysteme, in dem die Zusammenarbeit unter Stakeholdern gelebt wird und in den Schl\u00fcsselindustrien neuen Technologien und bahnbrechenden Ideen zum Durchbruch verholfen wird<\/h5>\n<h5 style=\"text-align: center;\">Die Basel Area ist der f\u00fchrende Standort f\u00fcr Life Sciences und Biotechnologie in der Schweiz. Zusammen mit dem Gesundheitsbereich geh\u00f6ren sie zu unseren aktivsten und innovativsten Sektoren. Ein weiterer innovationsstarker Bereich ist die industrielle Transformation, die Technologien f\u00fcr die industrielle Produktion der Zukunft entwickelt.<\/h5>\n[\/vc_column_text][\/vc_column_inner][vc_column_inner column_padding=&#187;no-extra-padding&#187; column_padding_position=&#187;all&#187; background_color_opacity=&#187;1&#8243; background_hover_color_opacity=&#187;1&#8243; column_shadow=&#187;none&#187; column_border_radius=&#187;none&#187; column_link_target=&#187;_self&#187; width=&#187;1\/6&#8243; tablet_width_inherit=&#187;default&#187; overlay_strength=&#187;0.3&#8243; column_border_width=&#187;none&#187; column_border_style=&#187;solid&#187; bg_image_animation=&#187;none&#187;][\/vc_column_inner][\/vc_row_inner][\/vc_column][\/vc_row][vc_row type=&#187;in_container&#187; full_screen_row_position=&#187;middle&#187; column_margin=&#187;default&#187; scene_position=&#187;center&#187; text_color=&#187;dark&#187; text_align=&#187;left&#187; top_padding=&#187;%&#187; bottom_padding=&#187;5%&#187; overlay_strength=&#187;0.3&#8243; shape_divider_position=&#187;bottom&#187; bg_image_animation=&#187;none&#187; shape_type=&#187;&#187;][vc_column column_padding=&#187;no-extra-padding&#187; column_padding_position=&#187;all&#187; background_color_opacity=&#187;1&#8243; background_hover_color_opacity=&#187;1&#8243; column_link_target=&#187;_self&#187; column_shadow=&#187;none&#187; column_border_radius=&#187;none&#187; width=&#187;1\/1&#8243; tablet_width_inherit=&#187;default&#187; tablet_text_alignment=&#187;default&#187; phone_text_alignment=&#187;default&#187; overlay_strength=&#187;0.3&#8243; column_border_width=&#187;none&#187; column_border_style=&#187;solid&#187; bg_image_animation=&#187;none&#187;][vc_row_inner column_margin=&#187;default&#187; text_align=&#187;left&#187;][vc_column_inner column_padding=&#187;no-extra-padding&#187; column_padding_position=&#187;all&#187; background_color_opacity=&#187;1&#8243; background_hover_color_opacity=&#187;1&#8243; column_shadow=&#187;none&#187; column_border_radius=&#187;none&#187; column_link_target=&#187;_self&#187; width=&#187;1\/3&#8243; tablet_width_inherit=&#187;default&#187; overlay_strength=&#187;0.3&#8243; column_border_width=&#187;none&#187; column_border_style=&#187;solid&#187; bg_image_animation=&#187;none&#187;][image_with_animation image_url=&#187;993&#8243; alignment=&#187;&#187; animation=&#187;None&#187; hover_animation=&#187;none&#187; border_radius=&#187;none&#187; box_shadow=&#187;none&#187; image_loading=&#187;default&#187; max_width=&#187;100%&#187; max_width_mobile=&#187;default&#187; margin_bottom=&#187;35&#8243;][vc_column_text css=&#187;.vc_custom_1589878988365{padding-right: 3% !important;}&#187;]Unsere Initiative Therapeutic Innovation basiert auf einem dynamischen Life Sciences-\u00d6kosystem, das die Gr\u00fcndung neuer Unternehmen unterst\u00fctzt und die Zusammenarbeit mit wichtigen Akteuren der Biopharmabranche erm\u00f6glicht. Ein Schl\u00fcsselelement der Initiative ist BaseLaunch, ein Accelerator, der Jungunternehmen im Bereich Therapeutika entscheidende Starthilfe bietet, bis sie selbst Mittel beschaffen oder strategische Kooperationen eingehen k\u00f6nnen.[\/vc_column_text][nectar_cta btn_style=&#187;see-through&#187; heading_tag=&#187;h6&#8243; text_color=&#187;#ae1022&#8243; button_color=&#187;default&#187; link_type=&#187;regular&#187; alignment=&#187;left&#187; display=&#187;block&#187; link_text=&#187;Weitere Informationen&#187; url=&#187;\/de\/branchen-und-initiativen\/innovation-in-therapeutics-und-biotech\/&#187;][\/vc_column_inner][vc_column_inner column_padding=&#187;no-extra-padding&#187; column_padding_position=&#187;all&#187; background_color_opacity=&#187;1&#8243; background_hover_color_opacity=&#187;1&#8243; column_shadow=&#187;none&#187; column_border_radius=&#187;none&#187; column_link_target=&#187;_self&#187; width=&#187;1\/3&#8243; tablet_width_inherit=&#187;default&#187; overlay_strength=&#187;0.3&#8243; column_border_width=&#187;none&#187; column_border_style=&#187;solid&#187; bg_image_animation=&#187;none&#187;][image_with_animation image_url=&#187;994&#8243; alignment=&#187;&#187; animation=&#187;None&#187; hover_animation=&#187;none&#187; border_radius=&#187;none&#187; box_shadow=&#187;none&#187; image_loading=&#187;default&#187; max_width=&#187;100%&#187; max_width_mobile=&#187;default&#187; margin_bottom=&#187;35&#8243;][vc_column_text css=&#187;.vc_custom_1589888935363{padding-right: 3% !important;}&#187;]Unsere Initiative Healthcare Innovation DayOne gestaltet die Zukunft des Gesundheitsbereichs, indem sie engagierte Menschen zusammenbringt, die unser Leben mit neuen Ideen verbessern wollen. DayOne f\u00f6rdert Kooperationen und schafft so ein lebendiges Innovations\u00f6kosystem f\u00fcr den Gesundheitsbereich in der Basel Area. DayOne f\u00fchrt Events durch, organisiert Katalysatorprojekte, erleichtert die Kontaktaufnahme und betreibt den DayOne Accelerator, um innovative Jungunternehmen im Healthcare-Sektor voranzubringen.[\/vc_column_text][nectar_cta btn_style=&#187;see-through&#187; heading_tag=&#187;h6&#8243; text_color=&#187;#ae1022&#8243; button_color=&#187;default&#187; link_type=&#187;regular&#187; alignment=&#187;left&#187; display=&#187;block&#187; link_text=&#187;Weitere Informationen&#187; url=&#187;\/de\/branchen-und-initiativen\/innovation-im-healthcare-sektor\/&#187;][\/vc_column_inner][vc_column_inner column_padding=&#187;no-extra-padding&#187; column_padding_position=&#187;all&#187; background_color_opacity=&#187;1&#8243; background_hover_color_opacity=&#187;1&#8243; column_shadow=&#187;none&#187; column_border_radius=&#187;none&#187; column_link_target=&#187;_self&#187; width=&#187;1\/3&#8243; tablet_width_inherit=&#187;default&#187; overlay_strength=&#187;0.3&#8243; column_border_width=&#187;none&#187; column_border_style=&#187;solid&#187; bg_image_animation=&#187;none&#187;][image_with_animation image_url=&#187;995&#8243; alignment=&#187;&#187; animation=&#187;None&#187; hover_animation=&#187;none&#187; border_radius=&#187;none&#187; box_shadow=&#187;none&#187; image_loading=&#187;default&#187; max_width=&#187;100%&#187; max_width_mobile=&#187;default&#187; margin_bottom=&#187;35&#8243;][vc_column_text css=&#187;.vc_custom_1589880216779{padding-right: 3% !important;}&#187;]Unsere Initiative Industrial Transformation bietet Networking, lehrreiche Events und Programme in der Grossregion Basel Area (Oberrhein inklusive Frankreich und Deutschland) und organisiert die i4Challenge, um die Entwicklung von Startups zu beschleunigen. Wir schaffen in dieser Region ein lebendiges \u00d6kosystem f\u00fcr Produktionstechnologie und Industrie 4.0.[\/vc_column_text][vc_column_text][\/vc_column_text][nectar_cta btn_style=&#187;see-through&#187; heading_tag=&#187;h6&#8243; text_color=&#187;#ae1022&#8243; button_color=&#187;default&#187; link_type=&#187;regular&#187; alignment=&#187;left&#187; display=&#187;block&#187; link_text=&#187;Weitere Informationen&#187; url=&#187;\/de\/branchen-und-initiativen\/industrielle-transformation\/&#187;][\/vc_column_inner][\/vc_row_inner][\/vc_column][\/vc_row][vc_row type=&#187;in_container&#187; full_screen_row_position=&#187;middle&#187; column_margin=&#187;default&#187; scene_position=&#187;center&#187; text_color=&#187;dark&#187; text_align=&#187;left&#187; overlay_strength=&#187;0.3&#8243; shape_divider_position=&#187;bottom&#187; bg_image_animation=&#187;none&#187;][vc_column column_padding=&#187;no-extra-padding&#187; column_padding_position=&#187;all&#187; background_color_opacity=&#187;1&#8243; background_hover_color_opacity=&#187;1&#8243; column_link_target=&#187;_self&#187; column_shadow=&#187;none&#187; column_border_radius=&#187;none&#187; width=&#187;1\/1&#8243; tablet_width_inherit=&#187;default&#187; tablet_text_alignment=&#187;default&#187; phone_text_alignment=&#187;default&#187; overlay_strength=&#187;0.3&#8243; column_border_width=&#187;none&#187; column_border_style=&#187;solid&#187; bg_image_animation=&#187;none&#187;]<div class=\"templatera_shortcode\">\n\t\t<div id=\"fws_69e209e47720c\"  data-column-margin=\"default\" data-midnight=\"dark\"  class=\"wpb_row vc_row-fluid vc_row full-width-section vc_row-o-equal-height vc_row-flex vc_row-o-content-middle\"  style=\"padding-top: 30px; padding-bottom: 30px; \"><div class=\"row-bg-wrap\" data-bg-animation=\"none\" data-bg-animation-delay=\"\" data-bg-overlay=\"false\"><div class=\"inner-wrap row-bg-layer\" ><div class=\"row-bg viewport-desktop using-bg-color\"  style=\"background-color: #ae1022; \"><\/div><\/div><\/div><div class=\"row_col_wrap_12 col span_12 dark left\">\n\t<div  class=\"vc_col-sm-9 wpb_column column_container vc_column_container col no-extra-padding\"  data-padding-pos=\"all\" data-has-bg-color=\"false\" data-bg-color=\"\" data-bg-opacity=\"1\" data-animation=\"\" data-delay=\"0\" >\n\t\t<div class=\"vc_column-inner\" >\n\t\t\t<div class=\"wpb_wrapper\">\n\t\t\t\t\n<div class=\"wpb_text_column wpb_content_element \" >\n\t<div class=\"wpb_wrapper\">\n\t\t<h2><span style=\"color: #ffffff;\">Kontaktieren Sie uns mit Ihrem Innovationsprojekt.<\/span><\/h2>\n\t<\/div>\n<\/div>\n\n\n\n\n<div class=\"wpb_text_column wpb_content_element \" >\n\t<div class=\"wpb_wrapper\">\n\t\t<div class=\"un-bold\">\n<h3><span style=\"color: #ffffff;\"><i class=\"icon-default-style fa fa-phone extra-color-2\"><\/i> <a style=\"color: #ffffff;\" href=\"tel:+41 61 295 50 00\">+41 61 295 50 00<\/a>\u00a0 \u00a0 \u00a0 \u00a0<i class=\"icon-default-style fa fa-envelope extra-color-2\"><\/i>\u00a0 <a style=\"color: #ffffff;\" href=\"mailto:innovate@baselarea.swiss\">innovate@baselarea.swiss<\/a><\/span><\/h3>\n<\/div>\n\t<\/div>\n<\/div>\n\n\n\n\n\t\t\t<\/div> \n\t\t<\/div>\n\t<\/div> \n\n\t<div  class=\"vc_col-sm-3 wpb_column column_container vc_column_container col no-extra-padding\"  data-padding-pos=\"all\" data-has-bg-color=\"false\" data-bg-color=\"\" data-bg-opacity=\"1\" data-animation=\"\" data-delay=\"0\" >\n\t\t<div class=\"vc_column-inner\" >\n\t\t\t<div class=\"wpb_wrapper\">\n\t\t\t\t<a class=\"nectar-button jumbo regular extra-color-2  regular-button\"  style=\"color: #ae1022; \"  href=\"\/de\/contact-us\" data-color-override=\"false\" data-hover-color-override=\"false\" data-hover-text-color-override=\"#fff\"><span>KONTAKT<\/span><\/a>\n\t\t\t<\/div> \n\t\t<\/div>\n\t<\/div> \n<\/div><\/div><\/div>[\/vc_column][\/vc_row]\n","protected":false},"excerpt":{"rendered":"Branchen und Initiativen Eine zukunftsgerichtete Perspektive und permanente Innovation verschaffen der Basel Area ihren Weltrang. Hier befindet sich eines der erfolgreichsten Innovations\u00f6kosysteme, in dem die Zusammenarbeit unter Stakeholdern gelebt wird...","protected":false},"author":5,"featured_media":0,"parent":0,"menu_order":5,"comment_status":"closed","ping_status":"closed","template":"","meta":{"footnotes":""},"class_list":["post-2951","page","type-page","status-publish"],"yoast_head":"<!-- This site is optimized with the Yoast SEO Premium plugin v21.7 (Yoast SEO v24.5) - https:\/\/yoast.com\/wordpress\/plugins\/seo\/ -->\n<title>Branchen und Initiativen - Innovate in Basel<\/title>\n<meta name=\"robots\" content=\"noindex, follow, max-snippet:-1, max-image-preview:large, max-video-preview:-1\" \/>\n<meta property=\"og:locale\" content=\"de_DE\" \/>\n<meta property=\"og:type\" content=\"article\" \/>\n<meta property=\"og:title\" content=\"Branchen und Initiativen\" \/>\n<meta property=\"og:url\" content=\"https:\/\/testinnovate.baselarea.swiss\/de\/branchen-und-initiativen\/\" \/>\n<meta property=\"og:site_name\" content=\"Innovate in Basel\" \/>\n<meta property=\"article:modified_time\" content=\"2020-08-26T08:49:24+00:00\" \/>\n<meta property=\"og:image\" content=\"https:\/\/testinnovate.baselarea.swiss\/\/wp-content\/uploads\/sites\/4\/2020\/03\/Med-Tech_robo-hand_Adobe-Stock-RECT-scaled.jpg\" \/>\n\t<meta property=\"og:image:width\" content=\"2560\" \/>\n\t<meta property=\"og:image:height\" content=\"1600\" \/>\n\t<meta property=\"og:image:type\" content=\"image\/jpeg\" \/>\n<meta name=\"twitter:card\" content=\"summary_large_image\" \/>\n<meta name=\"twitter:site\" content=\"@BaselArea\" \/>\n<meta name=\"twitter:label1\" content=\"Gesch\u00e4tzte Lesezeit\" \/>\n\t<meta name=\"twitter:data1\" content=\"7 Minuten\" \/>\n<script type=\"application\/ld+json\" class=\"yoast-schema-graph\">{\"@context\":\"https:\/\/schema.org\",\"@graph\":[{\"@type\":\"WebPage\",\"@id\":\"https:\/\/testinnovate.baselarea.swiss\/de\/branchen-und-initiativen\/\",\"url\":\"https:\/\/testinnovate.baselarea.swiss\/de\/branchen-und-initiativen\/\",\"name\":\"Branchen und Initiativen - Innovate in Basel\",\"isPartOf\":{\"@id\":\"https:\/\/testinnovate.baselarea.swiss\/de\/#website\"},\"datePublished\":\"2020-05-07T08:55:46+00:00\",\"dateModified\":\"2020-08-26T08:49:24+00:00\",\"breadcrumb\":{\"@id\":\"https:\/\/testinnovate.baselarea.swiss\/de\/branchen-und-initiativen\/#breadcrumb\"},\"inLanguage\":\"de-CH\",\"potentialAction\":[{\"@type\":\"ReadAction\",\"target\":[\"https:\/\/testinnovate.baselarea.swiss\/de\/branchen-und-initiativen\/\"]}]},{\"@type\":\"BreadcrumbList\",\"@id\":\"https:\/\/testinnovate.baselarea.swiss\/de\/branchen-und-initiativen\/#breadcrumb\",\"itemListElement\":[{\"@type\":\"ListItem\",\"position\":1,\"name\":\"Home\",\"item\":\"https:\/\/testinnovate.baselarea.swiss\/de\/\"},{\"@type\":\"ListItem\",\"position\":2,\"name\":\"Branchen und Initiativen\"}]},{\"@type\":\"WebSite\",\"@id\":\"https:\/\/testinnovate.baselarea.swiss\/de\/#website\",\"url\":\"https:\/\/testinnovate.baselarea.swiss\/de\/\",\"name\":\"Innovate in Basel\",\"description\":\"Innovate website\",\"potentialAction\":[{\"@type\":\"SearchAction\",\"target\":{\"@type\":\"EntryPoint\",\"urlTemplate\":\"https:\/\/testinnovate.baselarea.swiss\/de\/?s={search_term_string}\"},\"query-input\":{\"@type\":\"PropertyValueSpecification\",\"valueRequired\":true,\"valueName\":\"search_term_string\"}}],\"inLanguage\":\"de-CH\"}]}<\/script>\n<!-- \/ Yoast SEO Premium plugin. -->","yoast_head_json":{"title":"Branchen und Initiativen - Innovate in Basel","robots":{"index":"noindex","follow":"follow","max-snippet":"max-snippet:-1","max-image-preview":"max-image-preview:large","max-video-preview":"max-video-preview:-1"},"og_locale":"de_DE","og_type":"article","og_title":"Branchen und Initiativen","og_url":"https:\/\/testinnovate.baselarea.swiss\/de\/branchen-und-initiativen\/","og_site_name":"Innovate in Basel","article_modified_time":"2020-08-26T08:49:24+00:00","og_image":[{"width":2560,"height":1600,"url":"https:\/\/testinnovate.baselarea.swiss\/\/wp-content\/uploads\/sites\/4\/2020\/03\/Med-Tech_robo-hand_Adobe-Stock-RECT-scaled.jpg","type":"image\/jpeg"}],"twitter_card":"summary_large_image","twitter_site":"@BaselArea","twitter_misc":{"Gesch\u00e4tzte Lesezeit":"7 Minuten"},"schema":{"@context":"https:\/\/schema.org","@graph":[{"@type":"WebPage","@id":"https:\/\/testinnovate.baselarea.swiss\/de\/branchen-und-initiativen\/","url":"https:\/\/testinnovate.baselarea.swiss\/de\/branchen-und-initiativen\/","name":"Branchen und Initiativen - Innovate in Basel","isPartOf":{"@id":"https:\/\/testinnovate.baselarea.swiss\/de\/#website"},"datePublished":"2020-05-07T08:55:46+00:00","dateModified":"2020-08-26T08:49:24+00:00","breadcrumb":{"@id":"https:\/\/testinnovate.baselarea.swiss\/de\/branchen-und-initiativen\/#breadcrumb"},"inLanguage":"de-CH","potentialAction":[{"@type":"ReadAction","target":["https:\/\/testinnovate.baselarea.swiss\/de\/branchen-und-initiativen\/"]}]},{"@type":"BreadcrumbList","@id":"https:\/\/testinnovate.baselarea.swiss\/de\/branchen-und-initiativen\/#breadcrumb","itemListElement":[{"@type":"ListItem","position":1,"name":"Home","item":"https:\/\/testinnovate.baselarea.swiss\/de\/"},{"@type":"ListItem","position":2,"name":"Branchen und Initiativen"}]},{"@type":"WebSite","@id":"https:\/\/testinnovate.baselarea.swiss\/de\/#website","url":"https:\/\/testinnovate.baselarea.swiss\/de\/","name":"Innovate in Basel","description":"Innovate website","potentialAction":[{"@type":"SearchAction","target":{"@type":"EntryPoint","urlTemplate":"https:\/\/testinnovate.baselarea.swiss\/de\/?s={search_term_string}"},"query-input":{"@type":"PropertyValueSpecification","valueRequired":true,"valueName":"search_term_string"}}],"inLanguage":"de-CH"}]}},"_links":{"self":[{"href":"https:\/\/testinnovate.baselarea.swiss\/de\/wp-json\/wp\/v2\/pages\/2951","targetHints":{"allow":["GET"]}}],"collection":[{"href":"https:\/\/testinnovate.baselarea.swiss\/de\/wp-json\/wp\/v2\/pages"}],"about":[{"href":"https:\/\/testinnovate.baselarea.swiss\/de\/wp-json\/wp\/v2\/types\/page"}],"author":[{"embeddable":true,"href":"https:\/\/testinnovate.baselarea.swiss\/de\/wp-json\/wp\/v2\/users\/5"}],"replies":[{"embeddable":true,"href":"https:\/\/testinnovate.baselarea.swiss\/de\/wp-json\/wp\/v2\/comments?post=2951"}],"version-history":[{"count":15,"href":"https:\/\/testinnovate.baselarea.swiss\/de\/wp-json\/wp\/v2\/pages\/2951\/revisions"}],"predecessor-version":[{"id":4458,"href":"https:\/\/testinnovate.baselarea.swiss\/de\/wp-json\/wp\/v2\/pages\/2951\/revisions\/4458"}],"wp:attachment":[{"href":"https:\/\/testinnovate.baselarea.swiss\/de\/wp-json\/wp\/v2\/media?parent=2951"}],"curies":[{"name":"wp","href":"https:\/\/api.w.org\/{rel}","templated":true}]}}