{"id":3100,"date":"2020-05-10T14:53:57","date_gmt":"2020-05-10T14:53:57","guid":{"rendered":"https:\/\/innovate.baselarea.swiss\/?page_id=3100"},"modified":"2020-10-01T14:51:10","modified_gmt":"2020-10-01T14:51:10","slug":"acceleration","status":"publish","type":"page","link":"https:\/\/testinnovate.baselarea.swiss\/de\/services\/acceleration\/","title":{"rendered":"Acceleration"},"content":{"rendered":"[vc_row type=&#187;full_width_background&#187; full_screen_row_position=&#187;middle&#187; equal_height=&#187;yes&#187; content_placement=&#187;middle&#187; column_margin=&#187;default&#187; bg_image=&#187;954&#8243; bg_position=&#187;center center&#187; bg_repeat=&#187;no-repeat&#187; scene_position=&#187;center&#187; text_color=&#187;dark&#187; text_align=&#187;left&#187; class=&#187;heroimage&#187; overlay_strength=&#187;0.3&#8243; shape_divider_position=&#187;bottom&#187; bg_image_animation=&#187;none&#187; shape_type=&#187;&#187;][vc_column column_padding=&#187;no-extra-padding&#187; column_padding_position=&#187;top-bottom&#187; background_color_opacity=&#187;1&#8243; background_hover_color_opacity=&#187;1&#8243; column_link_target=&#187;_self&#187; column_shadow=&#187;none&#187; column_border_radius=&#187;none&#187; width=&#187;1\/1&#8243; tablet_width_inherit=&#187;default&#187; tablet_text_alignment=&#187;default&#187; phone_text_alignment=&#187;default&#187; overlay_strength=&#187;0.3&#8243; column_border_width=&#187;none&#187; column_border_style=&#187;solid&#187; bg_image_animation=&#187;none&#187;][vc_row_inner equal_height=&#187;yes&#187; content_placement=&#187;bottom&#187; column_margin=&#187;default&#187; text_align=&#187;left&#187; class=&#187;hero-content&#187; el_id=&#187;hero-content-box&#187;][vc_column_inner column_padding=&#187;no-extra-padding&#187; column_padding_position=&#187;all&#187; background_color_opacity=&#187;1&#8243; background_hover_color_opacity=&#187;1&#8243; column_shadow=&#187;none&#187; column_border_radius=&#187;none&#187; column_link_target=&#187;_self&#187; width=&#187;1\/4&#8243; tablet_width_inherit=&#187;default&#187; overlay_strength=&#187;0.3&#8243; column_border_width=&#187;none&#187; column_border_style=&#187;solid&#187; bg_image_animation=&#187;none&#187;][\/vc_column_inner][vc_column_inner column_padding=&#187;padding-4-percent&#187; column_padding_position=&#187;all&#187; background_color=&#187;#000000&#8243; background_color_opacity=&#187;0.7&#8243; background_hover_color_opacity=&#187;1&#8243; column_shadow=&#187;none&#187; column_border_radius=&#187;none&#187; column_link_target=&#187;_self&#187; width=&#187;1\/2&#8243; tablet_width_inherit=&#187;default&#187; overlay_strength=&#187;0.3&#8243; column_border_width=&#187;none&#187; column_border_style=&#187;solid&#187; bg_image_animation=&#187;none&#187;][vc_column_text]\n<h5 style=\"text-align: left\"><strong><span style=\"color: #ffffff\">| Services<\/span><\/strong><\/h5>\n[\/vc_column_text][vc_column_text]\n<h1 style=\"text-align: left\"><span style=\"color: #ffffff\">Acceleration<\/span><\/h1>\n[\/vc_column_text][\/vc_column_inner][vc_column_inner column_padding=&#187;no-extra-padding&#187; column_padding_position=&#187;all&#187; background_color_opacity=&#187;1&#8243; background_hover_color_opacity=&#187;1&#8243; column_shadow=&#187;none&#187; column_border_radius=&#187;none&#187; column_link_target=&#187;_self&#187; width=&#187;1\/4&#8243; tablet_width_inherit=&#187;default&#187; overlay_strength=&#187;0.3&#8243; column_border_width=&#187;none&#187; column_border_style=&#187;solid&#187; bg_image_animation=&#187;none&#187;][\/vc_column_inner][\/vc_row_inner][\/vc_column][\/vc_row][vc_row type=&#187;in_container&#187; full_screen_row_position=&#187;middle&#187; column_margin=&#187;default&#187; scene_position=&#187;center&#187; text_color=&#187;dark&#187; text_align=&#187;left&#187; top_padding=&#187;5%&#187; bottom_padding=&#187;5%&#187; overlay_strength=&#187;0.3&#8243; shape_divider_position=&#187;bottom&#187; bg_image_animation=&#187;none&#187; shape_type=&#187;&#187;][vc_column column_padding=&#187;no-extra-padding&#187; column_padding_position=&#187;all&#187; background_color_opacity=&#187;1&#8243; background_hover_color_opacity=&#187;1&#8243; column_link_target=&#187;_self&#187; column_shadow=&#187;none&#187; column_border_radius=&#187;none&#187; width=&#187;1\/6&#8243; tablet_width_inherit=&#187;default&#187; tablet_text_alignment=&#187;default&#187; phone_text_alignment=&#187;default&#187; overlay_strength=&#187;0.3&#8243; column_border_width=&#187;none&#187; column_border_style=&#187;solid&#187; bg_image_animation=&#187;none&#187;][\/vc_column][vc_column column_padding=&#187;no-extra-padding&#187; column_padding_position=&#187;all&#187; background_color_opacity=&#187;1&#8243; background_hover_color_opacity=&#187;1&#8243; column_link_target=&#187;_self&#187; column_shadow=&#187;none&#187; column_border_radius=&#187;none&#187; width=&#187;2\/3&#8243; tablet_width_inherit=&#187;default&#187; tablet_text_alignment=&#187;default&#187; phone_text_alignment=&#187;default&#187; overlay_strength=&#187;0.3&#8243; column_border_width=&#187;none&#187; column_border_style=&#187;solid&#187; bg_image_animation=&#187;none&#187;][vc_column_text]\n<h5 style=\"text-align: center\">Gemeinsam helfen Expertinnen, Firmen und Unternehmer der Innovation auf die Spr\u00fcnge und beschleunigen das Gesch\u00e4ftswachstum. Unsere Accelerator-Programme in den drei Schl\u00fcsselbereichen Therapeutika und Biotechnologie, Gesundheit und industrielle Transformation vernetzen Unternehmerinnen und Innovatoren mit Kooperationspartnern und Finanzierungsquellen in der Basel Area.<\/h5>\n[\/vc_column_text][\/vc_column][vc_column column_padding=&#187;no-extra-padding&#187; column_padding_position=&#187;all&#187; background_color_opacity=&#187;1&#8243; background_hover_color_opacity=&#187;1&#8243; column_link_target=&#187;_self&#187; column_shadow=&#187;none&#187; column_border_radius=&#187;none&#187; width=&#187;1\/6&#8243; tablet_width_inherit=&#187;default&#187; tablet_text_alignment=&#187;default&#187; phone_text_alignment=&#187;default&#187; overlay_strength=&#187;0.3&#8243; column_border_width=&#187;none&#187; column_border_style=&#187;solid&#187; bg_image_animation=&#187;none&#187;][\/vc_column][\/vc_row][vc_row type=&#187;in_container&#187; full_screen_row_position=&#187;middle&#187; column_margin=&#187;default&#187; scene_position=&#187;center&#187; text_color=&#187;dark&#187; text_align=&#187;left&#187; top_padding=&#187;0&#8243; bottom_padding=&#187;7%&#187; overlay_strength=&#187;0.3&#8243; shape_divider_position=&#187;bottom&#187; bg_image_animation=&#187;none&#187; shape_type=&#187;&#187;][vc_column column_padding=&#187;no-extra-padding&#187; column_padding_position=&#187;all&#187; background_color_opacity=&#187;1&#8243; background_hover_color_opacity=&#187;1&#8243; column_link_target=&#187;_self&#187; column_shadow=&#187;none&#187; column_border_radius=&#187;none&#187; width=&#187;1\/1&#8243; tablet_width_inherit=&#187;default&#187; tablet_text_alignment=&#187;default&#187; phone_text_alignment=&#187;default&#187; overlay_strength=&#187;0.3&#8243; column_border_width=&#187;none&#187; column_border_style=&#187;solid&#187; bg_image_animation=&#187;none&#187;][vc_row_inner column_margin=&#187;default&#187; text_align=&#187;left&#187;][vc_column_inner column_padding=&#187;no-extra-padding&#187; column_padding_position=&#187;all&#187; background_color_opacity=&#187;1&#8243; background_hover_color_opacity=&#187;1&#8243; column_shadow=&#187;none&#187; column_border_radius=&#187;none&#187; column_link_target=&#187;_self&#187; width=&#187;1\/3&#8243; tablet_width_inherit=&#187;default&#187; overlay_strength=&#187;0.3&#8243; column_border_width=&#187;none&#187; column_border_style=&#187;solid&#187; bg_image_animation=&#187;none&#187;][image_with_animation image_url=&#187;982&#8243; alignment=&#187;&#187; animation=&#187;None&#187; hover_animation=&#187;none&#187; border_radius=&#187;none&#187; box_shadow=&#187;none&#187; image_loading=&#187;default&#187; max_width=&#187;100%&#187; max_width_mobile=&#187;default&#187;][vc_column_text css=&#187;.vc_custom_1590394346159{padding-top: 30px !important;padding-bottom: 20px !important;}&#187;]\n<h3>Wir unterst\u00fctzen Innovationen im Bereich Therapeutika<\/h3>\n[\/vc_column_text][vc_column_text]BaseLaunch f\u00f6rdert und beschleunigt Startups im Bereich Therapeutika bereits im Fr\u00fchstadium. Seit Anfang 2018 unterst\u00fctzte BaseLaunch neun Unternehmen, die zusammen \u00fcber 160 Millionen Franken an Finanzmitteln beschafften. Die Unternehmen werden mit bis zu 500\u202f000 Franken finanziert. Dar\u00fcber hinaus leistet BaseLaunch tatkr\u00e4ftige Unterst\u00fctzung beim Aufbau der Unternehmen \u2013 von Grund auf bis zu dem Punkt, an dem sie eigenst\u00e4ndig Mittel beschaffen oder strategische Partnerschaften eingehen k\u00f6nnen.[\/vc_column_text][nectar_cta btn_style=&#187;see-through&#187; heading_tag=&#187;h6&#8243; text_color=&#187;#ae1022&#8243; button_color=&#187;default&#187; link_type=&#187;regular&#187; alignment=&#187;left&#187; display=&#187;block&#187; link_text=&#187;Weitere Informationen&#187; url=&#187;\/de\/services\/acceleration\/baselaunch\/&#187;][\/vc_column_inner][vc_column_inner column_padding=&#187;no-extra-padding&#187; column_padding_position=&#187;all&#187; background_color_opacity=&#187;1&#8243; background_hover_color_opacity=&#187;1&#8243; column_shadow=&#187;none&#187; column_border_radius=&#187;none&#187; column_link_target=&#187;_self&#187; width=&#187;1\/3&#8243; tablet_width_inherit=&#187;default&#187; overlay_strength=&#187;0.3&#8243; column_border_width=&#187;none&#187; column_border_style=&#187;solid&#187; bg_image_animation=&#187;none&#187;][image_with_animation image_url=&#187;983&#8243; alignment=&#187;&#187; animation=&#187;None&#187; hover_animation=&#187;none&#187; border_radius=&#187;none&#187; box_shadow=&#187;none&#187; image_loading=&#187;default&#187; max_width=&#187;100%&#187; max_width_mobile=&#187;default&#187;][vc_column_text css=&#187;.vc_custom_1589893549542{padding-top: 30px !important;padding-bottom: 20px !important;}&#187;]\n<h3>Wir unterst\u00fctzen Innovationen im Gesundheitsbereich<\/h3>\n[\/vc_column_text][vc_column_text]Der DayOne Accelerator konzentriert sich darauf, die Zukunft des Gesundheitsbereichs zu gestalten. Wir unterst\u00fctzen junge digitale Gesundheitsunternehmen, die \u00fcber bahnbrechende Technologien, Expertise und Unternehmergeist verf\u00fcgen. Ausgew\u00e4hlte Teams werden von Experten beraten, in ein dynamisches \u00d6kosystem mit potenziellen Kunden und Patienten eingef\u00fchrt und erhalten Zugang zu Finanzierung und R\u00e4umlichkeiten f\u00fcr Innovation.[\/vc_column_text][nectar_cta btn_style=&#187;see-through&#187; heading_tag=&#187;h6&#8243; text_color=&#187;#ae1022&#8243; button_color=&#187;default&#187; link_type=&#187;regular&#187; alignment=&#187;left&#187; display=&#187;block&#187; link_text=&#187;Weitere Informationen&#187; url=&#187;\/de\/services\/acceleration\/dayone\/&#187;][\/vc_column_inner][vc_column_inner column_padding=&#187;no-extra-padding&#187; column_padding_position=&#187;all&#187; background_color_opacity=&#187;1&#8243; background_hover_color_opacity=&#187;1&#8243; column_shadow=&#187;none&#187; column_border_radius=&#187;none&#187; column_link_target=&#187;_self&#187; width=&#187;1\/3&#8243; tablet_width_inherit=&#187;default&#187; overlay_strength=&#187;0.3&#8243; column_border_width=&#187;none&#187; column_border_style=&#187;solid&#187; bg_image_animation=&#187;none&#187;][image_with_animation image_url=&#187;984&#8243; alignment=&#187;&#187; animation=&#187;None&#187; hover_animation=&#187;none&#187; border_radius=&#187;none&#187; box_shadow=&#187;none&#187; image_loading=&#187;default&#187; max_width=&#187;100%&#187; max_width_mobile=&#187;default&#187;][vc_column_text css=&#187;.vc_custom_1589179926960{padding-top: 30px !important;padding-bottom: 20px !important;}&#187;]\n<h3>Wir unterst\u00fctzen die industrielle Transformation<\/h3>\n[\/vc_column_text][vc_column_text]Die i4Challenge ist ein Programm f\u00fcr KMU, Startups und Industrie-4.0-Initiativen und -Projekte, die sich auf innovative L\u00f6sungen, Produkte oder Dienstleistungen f\u00fcr die industrielle Transformation fokussieren. Die Basel Area bietet ihnen ein \u00d6kosystem, das den Wandel der Industrie hin zu kundenorientierten, intelligenten Technologien und nachhaltigen Produktionsmethoden f\u00f6rdert.[\/vc_column_text][nectar_cta btn_style=&#187;see-through&#187; heading_tag=&#187;h6&#8243; text_color=&#187;#ae1022&#8243; button_color=&#187;default&#187; link_type=&#187;regular&#187; alignment=&#187;left&#187; display=&#187;block&#187; link_text=&#187;Weitere Information&#187; url=&#187;\/de\/services\/acceleration\/i4challenge\/&#187;][\/vc_column_inner][\/vc_row_inner][\/vc_column][\/vc_row][vc_row type=&#187;in_container&#187; full_screen_row_position=&#187;middle&#187; column_margin=&#187;default&#187; scene_position=&#187;center&#187; text_color=&#187;dark&#187; text_align=&#187;left&#187; overlay_strength=&#187;0.3&#8243; shape_divider_position=&#187;bottom&#187; bg_image_animation=&#187;none&#187;][vc_column column_padding=&#187;no-extra-padding&#187; column_padding_position=&#187;all&#187; background_color_opacity=&#187;1&#8243; background_hover_color_opacity=&#187;1&#8243; column_link_target=&#187;_self&#187; column_shadow=&#187;none&#187; column_border_radius=&#187;none&#187; width=&#187;1\/1&#8243; tablet_width_inherit=&#187;default&#187; tablet_text_alignment=&#187;default&#187; phone_text_alignment=&#187;default&#187; overlay_strength=&#187;0.3&#8243; column_border_width=&#187;none&#187; column_border_style=&#187;solid&#187; bg_image_animation=&#187;none&#187;]<div class=\"templatera_shortcode\">\n\t\t<div id=\"fws_69e20f5894c91\"  data-column-margin=\"default\" data-midnight=\"dark\"  class=\"wpb_row vc_row-fluid vc_row full-width-section vc_row-o-equal-height vc_row-flex vc_row-o-content-middle\"  style=\"padding-top: 30px; padding-bottom: 30px; \"><div class=\"row-bg-wrap\" data-bg-animation=\"none\" data-bg-animation-delay=\"\" data-bg-overlay=\"false\"><div class=\"inner-wrap row-bg-layer\" ><div class=\"row-bg viewport-desktop using-bg-color\"  style=\"background-color: #ae1022; \"><\/div><\/div><\/div><div class=\"row_col_wrap_12 col span_12 dark left\">\n\t<div  class=\"vc_col-sm-9 wpb_column column_container vc_column_container col no-extra-padding\"  data-padding-pos=\"all\" data-has-bg-color=\"false\" data-bg-color=\"\" data-bg-opacity=\"1\" data-animation=\"\" data-delay=\"0\" >\n\t\t<div class=\"vc_column-inner\" >\n\t\t\t<div class=\"wpb_wrapper\">\n\t\t\t\t\n<div class=\"wpb_text_column wpb_content_element \" >\n\t<div class=\"wpb_wrapper\">\n\t\t<h2><span style=\"color: #ffffff;\">Kontaktieren Sie uns mit Ihrem Innovationsprojekt.<\/span><\/h2>\n\t<\/div>\n<\/div>\n\n\n\n\n<div class=\"wpb_text_column wpb_content_element \" >\n\t<div class=\"wpb_wrapper\">\n\t\t<div class=\"un-bold\">\n<h3><span style=\"color: #ffffff;\"><i class=\"icon-default-style fa fa-phone extra-color-2\"><\/i> <a style=\"color: #ffffff;\" href=\"tel:+41 61 295 50 00\">+41 61 295 50 00<\/a>\u00a0 \u00a0 \u00a0 \u00a0<i class=\"icon-default-style fa fa-envelope extra-color-2\"><\/i>\u00a0 <a style=\"color: #ffffff;\" href=\"mailto:innovate@baselarea.swiss\">innovate@baselarea.swiss<\/a><\/span><\/h3>\n<\/div>\n\t<\/div>\n<\/div>\n\n\n\n\n\t\t\t<\/div> \n\t\t<\/div>\n\t<\/div> \n\n\t<div  class=\"vc_col-sm-3 wpb_column column_container vc_column_container col no-extra-padding\"  data-padding-pos=\"all\" data-has-bg-color=\"false\" data-bg-color=\"\" data-bg-opacity=\"1\" data-animation=\"\" data-delay=\"0\" >\n\t\t<div class=\"vc_column-inner\" >\n\t\t\t<div class=\"wpb_wrapper\">\n\t\t\t\t<a class=\"nectar-button jumbo regular extra-color-2  regular-button\"  style=\"color: #ae1022; \"  href=\"\/de\/contact-us\" data-color-override=\"false\" data-hover-color-override=\"false\" data-hover-text-color-override=\"#fff\"><span>KONTAKT<\/span><\/a>\n\t\t\t<\/div> \n\t\t<\/div>\n\t<\/div> \n<\/div><\/div><\/div>[\/vc_column][\/vc_row]\n","protected":false},"excerpt":{"rendered":"| Services Acceleration Gemeinsam helfen Expertinnen, Firmen und Unternehmer der Innovation auf die Spr\u00fcnge und beschleunigen das Gesch\u00e4ftswachstum. Unsere Accelerator-Programme in den drei Schl\u00fcsselbereichen Therapeutika und Biotechnologie, Gesundheit und industrielle...","protected":false},"author":5,"featured_media":0,"parent":3020,"menu_order":1,"comment_status":"closed","ping_status":"closed","template":"","meta":{"footnotes":""},"class_list":["post-3100","page","type-page","status-publish"],"yoast_head":"<!-- This site is optimized with the Yoast SEO Premium plugin v21.7 (Yoast SEO v24.5) - https:\/\/yoast.com\/wordpress\/plugins\/seo\/ -->\n<title>Acceleration - Innovate in Basel<\/title>\n<meta name=\"robots\" content=\"noindex, follow, max-snippet:-1, max-image-preview:large, max-video-preview:-1\" \/>\n<meta property=\"og:locale\" content=\"de_DE\" \/>\n<meta property=\"og:type\" content=\"article\" \/>\n<meta property=\"og:title\" content=\"Acceleration\" \/>\n<meta property=\"og:url\" content=\"https:\/\/testinnovate.baselarea.swiss\/de\/services\/acceleration\/\" \/>\n<meta property=\"og:site_name\" content=\"Innovate in Basel\" \/>\n<meta property=\"article:modified_time\" content=\"2020-10-01T14:51:10+00:00\" \/>\n<meta property=\"og:image\" content=\"https:\/\/testinnovate.baselarea.swiss\/\/wp-content\/uploads\/sites\/4\/2020\/03\/Med-Tech_robo-hand_Adobe-Stock-RECT-scaled.jpg\" \/>\n\t<meta property=\"og:image:width\" content=\"2560\" \/>\n\t<meta property=\"og:image:height\" content=\"1600\" \/>\n\t<meta property=\"og:image:type\" content=\"image\/jpeg\" \/>\n<meta name=\"twitter:card\" content=\"summary_large_image\" \/>\n<meta name=\"twitter:site\" content=\"@BaselArea\" \/>\n<meta name=\"twitter:label1\" content=\"Gesch\u00e4tzte Lesezeit\" \/>\n\t<meta name=\"twitter:data1\" content=\"7 Minuten\" \/>\n<script type=\"application\/ld+json\" class=\"yoast-schema-graph\">{\"@context\":\"https:\/\/schema.org\",\"@graph\":[{\"@type\":\"WebPage\",\"@id\":\"https:\/\/testinnovate.baselarea.swiss\/de\/services\/acceleration\/\",\"url\":\"https:\/\/testinnovate.baselarea.swiss\/de\/services\/acceleration\/\",\"name\":\"Acceleration - Innovate in Basel\",\"isPartOf\":{\"@id\":\"https:\/\/testinnovate.baselarea.swiss\/de\/#website\"},\"datePublished\":\"2020-05-10T14:53:57+00:00\",\"dateModified\":\"2020-10-01T14:51:10+00:00\",\"breadcrumb\":{\"@id\":\"https:\/\/testinnovate.baselarea.swiss\/de\/services\/acceleration\/#breadcrumb\"},\"inLanguage\":\"de-CH\",\"potentialAction\":[{\"@type\":\"ReadAction\",\"target\":[\"https:\/\/testinnovate.baselarea.swiss\/de\/services\/acceleration\/\"]}]},{\"@type\":\"BreadcrumbList\",\"@id\":\"https:\/\/testinnovate.baselarea.swiss\/de\/services\/acceleration\/#breadcrumb\",\"itemListElement\":[{\"@type\":\"ListItem\",\"position\":1,\"name\":\"Home\",\"item\":\"https:\/\/testinnovate.baselarea.swiss\/de\/\"},{\"@type\":\"ListItem\",\"position\":2,\"name\":\"Services\",\"item\":\"https:\/\/testinnovate.baselarea.swiss\/de\/services\/\"},{\"@type\":\"ListItem\",\"position\":3,\"name\":\"Acceleration\"}]},{\"@type\":\"WebSite\",\"@id\":\"https:\/\/testinnovate.baselarea.swiss\/de\/#website\",\"url\":\"https:\/\/testinnovate.baselarea.swiss\/de\/\",\"name\":\"Innovate in Basel\",\"description\":\"Innovate website\",\"potentialAction\":[{\"@type\":\"SearchAction\",\"target\":{\"@type\":\"EntryPoint\",\"urlTemplate\":\"https:\/\/testinnovate.baselarea.swiss\/de\/?s={search_term_string}\"},\"query-input\":{\"@type\":\"PropertyValueSpecification\",\"valueRequired\":true,\"valueName\":\"search_term_string\"}}],\"inLanguage\":\"de-CH\"}]}<\/script>\n<!-- \/ Yoast SEO Premium plugin. -->","yoast_head_json":{"title":"Acceleration - Innovate in Basel","robots":{"index":"noindex","follow":"follow","max-snippet":"max-snippet:-1","max-image-preview":"max-image-preview:large","max-video-preview":"max-video-preview:-1"},"og_locale":"de_DE","og_type":"article","og_title":"Acceleration","og_url":"https:\/\/testinnovate.baselarea.swiss\/de\/services\/acceleration\/","og_site_name":"Innovate in Basel","article_modified_time":"2020-10-01T14:51:10+00:00","og_image":[{"width":2560,"height":1600,"url":"https:\/\/testinnovate.baselarea.swiss\/\/wp-content\/uploads\/sites\/4\/2020\/03\/Med-Tech_robo-hand_Adobe-Stock-RECT-scaled.jpg","type":"image\/jpeg"}],"twitter_card":"summary_large_image","twitter_site":"@BaselArea","twitter_misc":{"Gesch\u00e4tzte Lesezeit":"7 Minuten"},"schema":{"@context":"https:\/\/schema.org","@graph":[{"@type":"WebPage","@id":"https:\/\/testinnovate.baselarea.swiss\/de\/services\/acceleration\/","url":"https:\/\/testinnovate.baselarea.swiss\/de\/services\/acceleration\/","name":"Acceleration - Innovate in Basel","isPartOf":{"@id":"https:\/\/testinnovate.baselarea.swiss\/de\/#website"},"datePublished":"2020-05-10T14:53:57+00:00","dateModified":"2020-10-01T14:51:10+00:00","breadcrumb":{"@id":"https:\/\/testinnovate.baselarea.swiss\/de\/services\/acceleration\/#breadcrumb"},"inLanguage":"de-CH","potentialAction":[{"@type":"ReadAction","target":["https:\/\/testinnovate.baselarea.swiss\/de\/services\/acceleration\/"]}]},{"@type":"BreadcrumbList","@id":"https:\/\/testinnovate.baselarea.swiss\/de\/services\/acceleration\/#breadcrumb","itemListElement":[{"@type":"ListItem","position":1,"name":"Home","item":"https:\/\/testinnovate.baselarea.swiss\/de\/"},{"@type":"ListItem","position":2,"name":"Services","item":"https:\/\/testinnovate.baselarea.swiss\/de\/services\/"},{"@type":"ListItem","position":3,"name":"Acceleration"}]},{"@type":"WebSite","@id":"https:\/\/testinnovate.baselarea.swiss\/de\/#website","url":"https:\/\/testinnovate.baselarea.swiss\/de\/","name":"Innovate in Basel","description":"Innovate website","potentialAction":[{"@type":"SearchAction","target":{"@type":"EntryPoint","urlTemplate":"https:\/\/testinnovate.baselarea.swiss\/de\/?s={search_term_string}"},"query-input":{"@type":"PropertyValueSpecification","valueRequired":true,"valueName":"search_term_string"}}],"inLanguage":"de-CH"}]}},"_links":{"self":[{"href":"https:\/\/testinnovate.baselarea.swiss\/de\/wp-json\/wp\/v2\/pages\/3100","targetHints":{"allow":["GET"]}}],"collection":[{"href":"https:\/\/testinnovate.baselarea.swiss\/de\/wp-json\/wp\/v2\/pages"}],"about":[{"href":"https:\/\/testinnovate.baselarea.swiss\/de\/wp-json\/wp\/v2\/types\/page"}],"author":[{"embeddable":true,"href":"https:\/\/testinnovate.baselarea.swiss\/de\/wp-json\/wp\/v2\/users\/5"}],"replies":[{"embeddable":true,"href":"https:\/\/testinnovate.baselarea.swiss\/de\/wp-json\/wp\/v2\/comments?post=3100"}],"version-history":[{"count":13,"href":"https:\/\/testinnovate.baselarea.swiss\/de\/wp-json\/wp\/v2\/pages\/3100\/revisions"}],"predecessor-version":[{"id":4886,"href":"https:\/\/testinnovate.baselarea.swiss\/de\/wp-json\/wp\/v2\/pages\/3100\/revisions\/4886"}],"up":[{"embeddable":true,"href":"https:\/\/testinnovate.baselarea.swiss\/de\/wp-json\/wp\/v2\/pages\/3020"}],"wp:attachment":[{"href":"https:\/\/testinnovate.baselarea.swiss\/de\/wp-json\/wp\/v2\/media?parent=3100"}],"curies":[{"name":"wp","href":"https:\/\/api.w.org\/{rel}","templated":true}]}}