{"id":3358,"date":"2020-05-17T16:04:53","date_gmt":"2020-05-17T16:04:53","guid":{"rendered":"https:\/\/innovate.baselarea.swiss\/?page_id=3358"},"modified":"2020-08-26T09:04:37","modified_gmt":"2020-08-26T09:04:37","slug":"industries-et-initiatives","status":"publish","type":"page","link":"https:\/\/testinnovate.baselarea.swiss\/fr\/industries-et-initiatives\/","title":{"rendered":"Industries et initiatives"},"content":{"rendered":"[vc_row type=&#8221;full_width_background&#8221; full_screen_row_position=&#8221;middle&#8221; equal_height=&#8221;yes&#8221; content_placement=&#8221;middle&#8221; column_margin=&#8221;default&#8221; bg_image=&#8221;1668&#8243; bg_position=&#8221;center center&#8221; bg_repeat=&#8221;no-repeat&#8221; scene_position=&#8221;center&#8221; text_color=&#8221;dark&#8221; text_align=&#8221;left&#8221; class=&#8221;heroimage&#8221; overlay_strength=&#8221;0.3&#8243; shape_divider_position=&#8221;bottom&#8221; bg_image_animation=&#8221;none&#8221; shape_type=&#8221;&#8221;][vc_column column_padding=&#8221;no-extra-padding&#8221; column_padding_position=&#8221;all&#8221; background_color_opacity=&#8221;0.4&#8243; background_hover_color_opacity=&#8221;0.8&#8243; column_link_target=&#8221;_self&#8221; column_shadow=&#8221;none&#8221; column_border_radius=&#8221;none&#8221; el_class=&#8221;hero-column&#8221; width=&#8221;1\/1&#8243; tablet_width_inherit=&#8221;default&#8221; tablet_text_alignment=&#8221;default&#8221; phone_text_alignment=&#8221;default&#8221; overlay_strength=&#8221;0.3&#8243; column_border_width=&#8221;none&#8221; column_border_style=&#8221;solid&#8221; bg_image_animation=&#8221;none&#8221;][vc_row_inner column_margin=&#8221;default&#8221; text_align=&#8221;left&#8221;][vc_column_inner column_padding=&#8221;no-extra-padding&#8221; column_padding_position=&#8221;all&#8221; background_color_opacity=&#8221;1&#8243; background_hover_color_opacity=&#8221;1&#8243; column_shadow=&#8221;none&#8221; column_border_radius=&#8221;none&#8221; column_link_target=&#8221;_self&#8221; width=&#8221;1\/4&#8243; tablet_width_inherit=&#8221;default&#8221; overlay_strength=&#8221;0.3&#8243; column_border_width=&#8221;none&#8221; column_border_style=&#8221;solid&#8221; bg_image_animation=&#8221;none&#8221;][\/vc_column_inner][vc_column_inner column_padding=&#8221;padding-4-percent&#8221; column_padding_position=&#8221;all&#8221; background_color=&#8221;#000000&#8243; background_color_opacity=&#8221;0.7&#8243; background_hover_color_opacity=&#8221;1&#8243; column_shadow=&#8221;none&#8221; column_border_radius=&#8221;none&#8221; column_link_target=&#8221;_self&#8221; width=&#8221;1\/2&#8243; tablet_width_inherit=&#8221;default&#8221; overlay_strength=&#8221;0.3&#8243; column_border_width=&#8221;none&#8221; column_border_style=&#8221;solid&#8221; bg_image_animation=&#8221;none&#8221;][vc_column_text]\n<h1 style=\"text-align: center;\"><span style=\"color: #ffffff;\">Industries et initiatives<\/span><\/h1>\n[\/vc_column_text][\/vc_column_inner][vc_column_inner column_padding=&#8221;no-extra-padding&#8221; column_padding_position=&#8221;all&#8221; background_color_opacity=&#8221;1&#8243; background_hover_color_opacity=&#8221;1&#8243; column_shadow=&#8221;none&#8221; column_border_radius=&#8221;none&#8221; column_link_target=&#8221;_self&#8221; width=&#8221;1\/4&#8243; tablet_width_inherit=&#8221;default&#8221; overlay_strength=&#8221;0.3&#8243; column_border_width=&#8221;none&#8221; column_border_style=&#8221;solid&#8221; bg_image_animation=&#8221;none&#8221;][\/vc_column_inner][\/vc_row_inner][\/vc_column][\/vc_row][vc_row type=&#8221;in_container&#8221; full_screen_row_position=&#8221;middle&#8221; column_margin=&#8221;default&#8221; scene_position=&#8221;center&#8221; text_color=&#8221;dark&#8221; text_align=&#8221;left&#8221; top_padding=&#8221;5%&#8221; bottom_padding=&#8221;0&#8243; overlay_strength=&#8221;0.3&#8243; shape_divider_position=&#8221;bottom&#8221; bg_image_animation=&#8221;none&#8221; shape_type=&#8221;&#8221;][vc_column centered_text=&#8221;true&#8221; column_padding=&#8221;no-extra-padding&#8221; column_padding_position=&#8221;all&#8221; background_color_opacity=&#8221;1&#8243; background_hover_color_opacity=&#8221;1&#8243; column_link_target=&#8221;_self&#8221; column_shadow=&#8221;none&#8221; column_border_radius=&#8221;none&#8221; width=&#8221;1\/1&#8243; tablet_width_inherit=&#8221;default&#8221; tablet_text_alignment=&#8221;default&#8221; phone_text_alignment=&#8221;default&#8221; overlay_strength=&#8221;0.3&#8243; column_border_width=&#8221;none&#8221; column_border_style=&#8221;solid&#8221; bg_image_animation=&#8221;none&#8221;][vc_row_inner column_margin=&#8221;default&#8221; bottom_padding=&#8221;5%&#8221; text_align=&#8221;left&#8221;][vc_column_inner column_padding=&#8221;no-extra-padding&#8221; column_padding_position=&#8221;all&#8221; background_color_opacity=&#8221;1&#8243; background_hover_color_opacity=&#8221;1&#8243; column_shadow=&#8221;none&#8221; column_border_radius=&#8221;none&#8221; column_link_target=&#8221;_self&#8221; width=&#8221;1\/6&#8243; tablet_width_inherit=&#8221;default&#8221; overlay_strength=&#8221;0.3&#8243; column_border_width=&#8221;none&#8221; column_border_style=&#8221;solid&#8221; bg_image_animation=&#8221;none&#8221;][\/vc_column_inner][vc_column_inner column_padding=&#8221;no-extra-padding&#8221; column_padding_position=&#8221;all&#8221; background_color_opacity=&#8221;1&#8243; background_hover_color_opacity=&#8221;1&#8243; column_shadow=&#8221;none&#8221; column_border_radius=&#8221;none&#8221; column_link_target=&#8221;_self&#8221; width=&#8221;2\/3&#8243; tablet_width_inherit=&#8221;default&#8221; overlay_strength=&#8221;0.3&#8243; column_border_width=&#8221;none&#8221; column_border_style=&#8221;solid&#8221; bg_image_animation=&#8221;none&#8221;][vc_column_text]\n<h5 style=\"text-align: center;\">La r\u00e9gion Basel Area est leader au plan international gr\u00e2ce \u00e0 une perspective r\u00e9solument tourn\u00e9e vers l\u2019avenir et ax\u00e9e sur l\u2019innovation. Elle accueille un \u00e9cosyst\u00e8me innovant et florissant favorisant la collaboration entre les parties prenantes dans des industries cl\u00e9s o\u00f9 la technologie et les id\u00e9es r\u00e9volutionnaires conf\u00e8rent une longueur d\u2019avance.<\/h5>\n<h5 style=\"text-align: center;\">La r\u00e9gion Basel Area est le leader suisse indiscutable dans l&#8217;industrie des sciences et des biotechnologies qui sont, avec les soins de sant\u00e9, deux de nos secteurs d&#8217;innovation les plus actifs. La transformation industrielle et les nouvelles technologies permettant aux secteurs de l\u2019industrie et de la production de franchir le seuil vers le prochain si\u00e8cle constituent une autre facette du dynamisme caract\u00e9risant la r\u00e9gion Basel Area.<\/h5>\n[\/vc_column_text][\/vc_column_inner][vc_column_inner column_padding=&#8221;no-extra-padding&#8221; column_padding_position=&#8221;all&#8221; background_color_opacity=&#8221;1&#8243; background_hover_color_opacity=&#8221;1&#8243; column_shadow=&#8221;none&#8221; column_border_radius=&#8221;none&#8221; column_link_target=&#8221;_self&#8221; width=&#8221;1\/6&#8243; tablet_width_inherit=&#8221;default&#8221; overlay_strength=&#8221;0.3&#8243; column_border_width=&#8221;none&#8221; column_border_style=&#8221;solid&#8221; bg_image_animation=&#8221;none&#8221;][\/vc_column_inner][\/vc_row_inner][\/vc_column][\/vc_row][vc_row type=&#8221;in_container&#8221; full_screen_row_position=&#8221;middle&#8221; column_margin=&#8221;default&#8221; scene_position=&#8221;center&#8221; text_color=&#8221;dark&#8221; text_align=&#8221;left&#8221; top_padding=&#8221;%&#8221; bottom_padding=&#8221;5%&#8221; overlay_strength=&#8221;0.3&#8243; shape_divider_position=&#8221;bottom&#8221; bg_image_animation=&#8221;none&#8221; shape_type=&#8221;&#8221;][vc_column column_padding=&#8221;no-extra-padding&#8221; column_padding_position=&#8221;all&#8221; background_color_opacity=&#8221;1&#8243; background_hover_color_opacity=&#8221;1&#8243; column_link_target=&#8221;_self&#8221; column_shadow=&#8221;none&#8221; column_border_radius=&#8221;none&#8221; width=&#8221;1\/1&#8243; tablet_width_inherit=&#8221;default&#8221; tablet_text_alignment=&#8221;default&#8221; phone_text_alignment=&#8221;default&#8221; overlay_strength=&#8221;0.3&#8243; column_border_width=&#8221;none&#8221; column_border_style=&#8221;solid&#8221; bg_image_animation=&#8221;none&#8221;][vc_row_inner column_margin=&#8221;default&#8221; text_align=&#8221;left&#8221;][vc_column_inner column_padding=&#8221;no-extra-padding&#8221; column_padding_position=&#8221;all&#8221; background_color_opacity=&#8221;1&#8243; background_hover_color_opacity=&#8221;1&#8243; column_shadow=&#8221;none&#8221; column_border_radius=&#8221;none&#8221; column_link_target=&#8221;_self&#8221; width=&#8221;1\/3&#8243; tablet_width_inherit=&#8221;default&#8221; overlay_strength=&#8221;0.3&#8243; column_border_width=&#8221;none&#8221; column_border_style=&#8221;solid&#8221; bg_image_animation=&#8221;none&#8221;][image_with_animation image_url=&#8221;993&#8243; alignment=&#8221;&#8221; animation=&#8221;None&#8221; hover_animation=&#8221;none&#8221; border_radius=&#8221;none&#8221; box_shadow=&#8221;none&#8221; image_loading=&#8221;default&#8221; max_width=&#8221;100%&#8221; max_width_mobile=&#8221;default&#8221; margin_bottom=&#8221;35&#8243;][vc_column_text css=&#8221;.vc_custom_1590681262646{padding-right: 3% !important;}&#8221;]Notre initiative Therapeutic Innovation repr\u00e9sente un \u00e9cosyst\u00e8me de sciences de la vie dynamique qui soutient la cr\u00e9ation de nouvelles entreprises et permet la collaboration avec des acteurs \u00e9tablis de la communaut\u00e9 biopharmaceutique. BaseLaunch constitue un \u00e9l\u00e9ment cl\u00e9 de l\u2019initiative qui intervient comme incubateur et acc\u00e9l\u00e9rateur du d\u00e9veloppement d&#8217;entreprises th\u00e9rapeutiques jusqu&#8217;\u00e0 ce qu&#8217;elles puissent obtenir des financements ou entamer des collaborations strat\u00e9giques.[\/vc_column_text][nectar_cta btn_style=&#8221;see-through&#8221; heading_tag=&#8221;h6&#8243; text_color=&#8221;#ae1022&#8243; button_color=&#8221;default&#8221; link_type=&#8221;regular&#8221; alignment=&#8221;left&#8221; display=&#8221;block&#8221; link_text=&#8221;En savoir plus&#8221; url=&#8221;\/fr\/industries-et-initiatives\/innovation-therapeutique-des-biotechnologies\/&#8221;][\/vc_column_inner][vc_column_inner column_padding=&#8221;no-extra-padding&#8221; column_padding_position=&#8221;all&#8221; background_color_opacity=&#8221;1&#8243; background_hover_color_opacity=&#8221;1&#8243; column_shadow=&#8221;none&#8221; column_border_radius=&#8221;none&#8221; column_link_target=&#8221;_self&#8221; width=&#8221;1\/3&#8243; tablet_width_inherit=&#8221;default&#8221; overlay_strength=&#8221;0.3&#8243; column_border_width=&#8221;none&#8221; column_border_style=&#8221;solid&#8221; bg_image_animation=&#8221;none&#8221;][image_with_animation image_url=&#8221;994&#8243; alignment=&#8221;&#8221; animation=&#8221;None&#8221; hover_animation=&#8221;none&#8221; border_radius=&#8221;none&#8221; box_shadow=&#8221;none&#8221; image_loading=&#8221;default&#8221; max_width=&#8221;100%&#8221; max_width_mobile=&#8221;default&#8221; margin_bottom=&#8221;35&#8243;][vc_column_text css=&#8221;.vc_custom_1590681255688{padding-right: 3% !important;}&#8221;]Notre initiative Healthcare Innovation, DayOne contribue \u00e0 fa\u00e7onner l\u2019avenir de la sant\u00e9 \u00e0 travers la cr\u00e9ation d\u2019une communaut\u00e9 de collaborateurs dont l\u2019objectif consiste \u00e0 am\u00e9liorer la vie de chacun. En encourageant la collaboration, DayOne construit dans la r\u00e9gion Basel Area, un \u00e9cosyst\u00e8me prosp\u00e8re d\u2019innovation dans les soins de la sant\u00e9. DayOne accueille des \u00e9v\u00e9nements, organise des projets catalyseurs, facilite la mise en r\u00e9seau et oriente le DayOne Accelerator de mani\u00e8re \u00e0 faire avancer les projets d&#8217;innovation dans le domaine des soins de sant\u00e9.[\/vc_column_text][nectar_cta btn_style=&#8221;see-through&#8221; heading_tag=&#8221;h6&#8243; text_color=&#8221;#ae1022&#8243; button_color=&#8221;default&#8221; link_type=&#8221;regular&#8221; alignment=&#8221;left&#8221; display=&#8221;block&#8221; link_text=&#8221;En savoir plus&#8221; url=&#8221;\/fr\/industries-et-initiatives\/innovation-en-soins-de-sante\/&#8221;][\/vc_column_inner][vc_column_inner column_padding=&#8221;no-extra-padding&#8221; column_padding_position=&#8221;all&#8221; background_color_opacity=&#8221;1&#8243; background_hover_color_opacity=&#8221;1&#8243; column_shadow=&#8221;none&#8221; column_border_radius=&#8221;none&#8221; column_link_target=&#8221;_self&#8221; width=&#8221;1\/3&#8243; tablet_width_inherit=&#8221;default&#8221; overlay_strength=&#8221;0.3&#8243; column_border_width=&#8221;none&#8221; column_border_style=&#8221;solid&#8221; bg_image_animation=&#8221;none&#8221;][image_with_animation image_url=&#8221;995&#8243; alignment=&#8221;&#8221; animation=&#8221;None&#8221; hover_animation=&#8221;none&#8221; border_radius=&#8221;none&#8221; box_shadow=&#8221;none&#8221; image_loading=&#8221;default&#8221; max_width=&#8221;100%&#8221; max_width_mobile=&#8221;default&#8221; margin_bottom=&#8221;35&#8243;][vc_column_text css=&#8221;.vc_custom_1590578971348{padding-right: 3% !important;}&#8221;]Notre initiative Industrial Transformation\u00a0propose des \u00e9v\u00e9nements de mise en r\u00e9seau, des programmes de formation au sein de la r\u00e9gion Basel Area (et plus largement dans le Rhin Sup\u00e9rieur comprenant la France et l\u2019Allemagne), et organise l\u2019i4Challenge pour acc\u00e9l\u00e9rer le d\u00e9veloppement de startups. Nous cr\u00e9ons un \u00e9cosyst\u00e8me prosp\u00e8re de technologie de production et d\u2019industrie 4.0 dans la r\u00e9gion.[\/vc_column_text][vc_column_text][\/vc_column_text][nectar_cta btn_style=&#8221;see-through&#8221; heading_tag=&#8221;h6&#8243; text_color=&#8221;#ae1022&#8243; button_color=&#8221;default&#8221; link_type=&#8221;regular&#8221; alignment=&#8221;left&#8221; display=&#8221;block&#8221; link_text=&#8221;En savoir plus&#8221; url=&#8221;\/fr\/industries-et-initiatives\/industrial-transformation\/&#8221;][\/vc_column_inner][\/vc_row_inner][\/vc_column][\/vc_row][vc_row type=&#8221;in_container&#8221; full_screen_row_position=&#8221;middle&#8221; column_margin=&#8221;default&#8221; scene_position=&#8221;center&#8221; text_color=&#8221;dark&#8221; text_align=&#8221;left&#8221; overlay_strength=&#8221;0.3&#8243; shape_divider_position=&#8221;bottom&#8221; bg_image_animation=&#8221;none&#8221;][vc_column column_padding=&#8221;no-extra-padding&#8221; column_padding_position=&#8221;all&#8221; background_color_opacity=&#8221;1&#8243; background_hover_color_opacity=&#8221;1&#8243; column_link_target=&#8221;_self&#8221; column_shadow=&#8221;none&#8221; column_border_radius=&#8221;none&#8221; width=&#8221;1\/1&#8243; tablet_width_inherit=&#8221;default&#8221; tablet_text_alignment=&#8221;default&#8221; phone_text_alignment=&#8221;default&#8221; overlay_strength=&#8221;0.3&#8243; column_border_width=&#8221;none&#8221; column_border_style=&#8221;solid&#8221; bg_image_animation=&#8221;none&#8221;]<div class=\"templatera_shortcode\">\n\t\t<div id=\"fws_69e208337b7c8\"  data-column-margin=\"default\" data-midnight=\"dark\"  class=\"wpb_row vc_row-fluid vc_row full-width-section vc_row-o-equal-height vc_row-flex vc_row-o-content-middle\"  style=\"padding-top: 30px; padding-bottom: 30px; \"><div class=\"row-bg-wrap\" data-bg-animation=\"none\" data-bg-animation-delay=\"\" data-bg-overlay=\"false\"><div class=\"inner-wrap row-bg-layer\" ><div class=\"row-bg viewport-desktop using-bg-color\"  style=\"background-color: #ae1022; \"><\/div><\/div><\/div><div class=\"row_col_wrap_12 col span_12 dark left\">\n\t<div  class=\"vc_col-sm-9 wpb_column column_container vc_column_container col no-extra-padding\"  data-padding-pos=\"all\" data-has-bg-color=\"false\" data-bg-color=\"\" data-bg-opacity=\"1\" data-animation=\"\" data-delay=\"0\" >\n\t\t<div class=\"vc_column-inner\" >\n\t\t\t<div class=\"wpb_wrapper\">\n\t\t\t\t\n<div class=\"wpb_text_column wpb_content_element \" >\n\t<div class=\"wpb_wrapper\">\n\t\t<h2><span style=\"color: #ffffff;\">Contactez-nous concernant votre projet novateur.<\/span><\/h2>\n\t<\/div>\n<\/div>\n\n\n\n\n<div class=\"wpb_text_column wpb_content_element \" >\n\t<div class=\"wpb_wrapper\">\n\t\t<div class=\"un-bold\">\n<h3><span style=\"color: #ffffff;\"><i class=\"icon-default-style fa fa-phone extra-color-2\"><\/i> <a style=\"color: #ffffff;\" href=\"tel:+41 61 295 50 00\">+41 61 295 50 00<\/a>\u00a0 \u00a0 \u00a0 \u00a0<i class=\"icon-default-style fa fa-envelope extra-color-2\"><\/i>\u00a0 <a style=\"color: #ffffff;\" href=\"mailto:innovate@baselarea.swiss\">innovate@baselarea.swiss<\/a><\/span><\/h3>\n<\/div>\n\t<\/div>\n<\/div>\n\n\n\n\n\t\t\t<\/div> \n\t\t<\/div>\n\t<\/div> \n\n\t<div  class=\"vc_col-sm-3 wpb_column column_container vc_column_container col no-extra-padding\"  data-padding-pos=\"all\" data-has-bg-color=\"false\" data-bg-color=\"\" data-bg-opacity=\"1\" data-animation=\"\" data-delay=\"0\" >\n\t\t<div class=\"vc_column-inner\" >\n\t\t\t<div class=\"wpb_wrapper\">\n\t\t\t\t<a class=\"nectar-button jumbo regular extra-color-2  regular-button\"  style=\"color: #ae1022; \"  href=\"\/contact-us\" data-color-override=\"false\" data-hover-color-override=\"false\" data-hover-text-color-override=\"#fff\"><span>Nous Contacter<\/span><\/a>\n\t\t\t<\/div> \n\t\t<\/div>\n\t<\/div> \n<\/div><\/div><\/div>[\/vc_column][\/vc_row]\n","protected":false},"excerpt":{"rendered":"Industries et initiatives La r\u00e9gion Basel Area est leader au plan international gr\u00e2ce \u00e0 une perspective r\u00e9solument tourn\u00e9e vers l\u2019avenir et ax\u00e9e sur l\u2019innovation. Elle accueille un \u00e9cosyst\u00e8me innovant et...","protected":false},"author":5,"featured_media":0,"parent":0,"menu_order":5,"comment_status":"closed","ping_status":"closed","template":"","meta":{"footnotes":""},"class_list":["post-3358","page","type-page","status-publish"],"yoast_head":"<!-- This site is optimized with the Yoast SEO Premium plugin v21.7 (Yoast SEO v24.5) - https:\/\/yoast.com\/wordpress\/plugins\/seo\/ -->\n<title>Industries et initiatives - Innovate in Basel<\/title>\n<meta name=\"robots\" content=\"noindex, follow, max-snippet:-1, max-image-preview:large, max-video-preview:-1\" \/>\n<meta property=\"og:locale\" content=\"fr_FR\" \/>\n<meta property=\"og:type\" content=\"article\" \/>\n<meta property=\"og:title\" content=\"Industries et initiatives\" \/>\n<meta property=\"og:url\" content=\"https:\/\/testinnovate.baselarea.swiss\/fr\/industries-et-initiatives\/\" \/>\n<meta property=\"og:site_name\" content=\"Innovate in Basel\" \/>\n<meta property=\"article:modified_time\" content=\"2020-08-26T09:04:37+00:00\" \/>\n<meta property=\"og:image\" content=\"https:\/\/testinnovate.baselarea.swiss\/\/wp-content\/uploads\/sites\/4\/2020\/03\/Med-Tech_robo-hand_Adobe-Stock-RECT-scaled.jpg\" \/>\n\t<meta property=\"og:image:width\" content=\"2560\" \/>\n\t<meta property=\"og:image:height\" content=\"1600\" \/>\n\t<meta property=\"og:image:type\" content=\"image\/jpeg\" \/>\n<meta name=\"twitter:card\" content=\"summary_large_image\" \/>\n<meta name=\"twitter:site\" content=\"@BaselArea\" \/>\n<meta name=\"twitter:label1\" content=\"Est. reading time\" \/>\n\t<meta name=\"twitter:data1\" content=\"7 minutes\" \/>\n<script type=\"application\/ld+json\" class=\"yoast-schema-graph\">{\"@context\":\"https:\/\/schema.org\",\"@graph\":[{\"@type\":\"WebPage\",\"@id\":\"https:\/\/testinnovate.baselarea.swiss\/fr\/industries-et-initiatives\/\",\"url\":\"https:\/\/testinnovate.baselarea.swiss\/fr\/industries-et-initiatives\/\",\"name\":\"Industries et initiatives - Innovate in Basel\",\"isPartOf\":{\"@id\":\"https:\/\/testinnovate.baselarea.swiss\/fr\/#website\"},\"datePublished\":\"2020-05-17T16:04:53+00:00\",\"dateModified\":\"2020-08-26T09:04:37+00:00\",\"breadcrumb\":{\"@id\":\"https:\/\/testinnovate.baselarea.swiss\/fr\/industries-et-initiatives\/#breadcrumb\"},\"inLanguage\":\"fr-CH\",\"potentialAction\":[{\"@type\":\"ReadAction\",\"target\":[\"https:\/\/testinnovate.baselarea.swiss\/fr\/industries-et-initiatives\/\"]}]},{\"@type\":\"BreadcrumbList\",\"@id\":\"https:\/\/testinnovate.baselarea.swiss\/fr\/industries-et-initiatives\/#breadcrumb\",\"itemListElement\":[{\"@type\":\"ListItem\",\"position\":1,\"name\":\"Home\",\"item\":\"https:\/\/testinnovate.baselarea.swiss\/fr\/\"},{\"@type\":\"ListItem\",\"position\":2,\"name\":\"Industries et initiatives\"}]},{\"@type\":\"WebSite\",\"@id\":\"https:\/\/testinnovate.baselarea.swiss\/fr\/#website\",\"url\":\"https:\/\/testinnovate.baselarea.swiss\/fr\/\",\"name\":\"Innovate in Basel\",\"description\":\"Innovate website\",\"potentialAction\":[{\"@type\":\"SearchAction\",\"target\":{\"@type\":\"EntryPoint\",\"urlTemplate\":\"https:\/\/testinnovate.baselarea.swiss\/fr\/?s={search_term_string}\"},\"query-input\":{\"@type\":\"PropertyValueSpecification\",\"valueRequired\":true,\"valueName\":\"search_term_string\"}}],\"inLanguage\":\"fr-CH\"}]}<\/script>\n<!-- \/ Yoast SEO Premium plugin. -->","yoast_head_json":{"title":"Industries et initiatives - Innovate in Basel","robots":{"index":"noindex","follow":"follow","max-snippet":"max-snippet:-1","max-image-preview":"max-image-preview:large","max-video-preview":"max-video-preview:-1"},"og_locale":"fr_FR","og_type":"article","og_title":"Industries et initiatives","og_url":"https:\/\/testinnovate.baselarea.swiss\/fr\/industries-et-initiatives\/","og_site_name":"Innovate in Basel","article_modified_time":"2020-08-26T09:04:37+00:00","og_image":[{"width":2560,"height":1600,"url":"https:\/\/testinnovate.baselarea.swiss\/\/wp-content\/uploads\/sites\/4\/2020\/03\/Med-Tech_robo-hand_Adobe-Stock-RECT-scaled.jpg","type":"image\/jpeg"}],"twitter_card":"summary_large_image","twitter_site":"@BaselArea","twitter_misc":{"Est. reading time":"7 minutes"},"schema":{"@context":"https:\/\/schema.org","@graph":[{"@type":"WebPage","@id":"https:\/\/testinnovate.baselarea.swiss\/fr\/industries-et-initiatives\/","url":"https:\/\/testinnovate.baselarea.swiss\/fr\/industries-et-initiatives\/","name":"Industries et initiatives - Innovate in Basel","isPartOf":{"@id":"https:\/\/testinnovate.baselarea.swiss\/fr\/#website"},"datePublished":"2020-05-17T16:04:53+00:00","dateModified":"2020-08-26T09:04:37+00:00","breadcrumb":{"@id":"https:\/\/testinnovate.baselarea.swiss\/fr\/industries-et-initiatives\/#breadcrumb"},"inLanguage":"fr-CH","potentialAction":[{"@type":"ReadAction","target":["https:\/\/testinnovate.baselarea.swiss\/fr\/industries-et-initiatives\/"]}]},{"@type":"BreadcrumbList","@id":"https:\/\/testinnovate.baselarea.swiss\/fr\/industries-et-initiatives\/#breadcrumb","itemListElement":[{"@type":"ListItem","position":1,"name":"Home","item":"https:\/\/testinnovate.baselarea.swiss\/fr\/"},{"@type":"ListItem","position":2,"name":"Industries et initiatives"}]},{"@type":"WebSite","@id":"https:\/\/testinnovate.baselarea.swiss\/fr\/#website","url":"https:\/\/testinnovate.baselarea.swiss\/fr\/","name":"Innovate in Basel","description":"Innovate website","potentialAction":[{"@type":"SearchAction","target":{"@type":"EntryPoint","urlTemplate":"https:\/\/testinnovate.baselarea.swiss\/fr\/?s={search_term_string}"},"query-input":{"@type":"PropertyValueSpecification","valueRequired":true,"valueName":"search_term_string"}}],"inLanguage":"fr-CH"}]}},"_links":{"self":[{"href":"https:\/\/testinnovate.baselarea.swiss\/fr\/wp-json\/wp\/v2\/pages\/3358","targetHints":{"allow":["GET"]}}],"collection":[{"href":"https:\/\/testinnovate.baselarea.swiss\/fr\/wp-json\/wp\/v2\/pages"}],"about":[{"href":"https:\/\/testinnovate.baselarea.swiss\/fr\/wp-json\/wp\/v2\/types\/page"}],"author":[{"embeddable":true,"href":"https:\/\/testinnovate.baselarea.swiss\/fr\/wp-json\/wp\/v2\/users\/5"}],"replies":[{"embeddable":true,"href":"https:\/\/testinnovate.baselarea.swiss\/fr\/wp-json\/wp\/v2\/comments?post=3358"}],"version-history":[{"count":11,"href":"https:\/\/testinnovate.baselarea.swiss\/fr\/wp-json\/wp\/v2\/pages\/3358\/revisions"}],"predecessor-version":[{"id":4459,"href":"https:\/\/testinnovate.baselarea.swiss\/fr\/wp-json\/wp\/v2\/pages\/3358\/revisions\/4459"}],"wp:attachment":[{"href":"https:\/\/testinnovate.baselarea.swiss\/fr\/wp-json\/wp\/v2\/media?parent=3358"}],"curies":[{"name":"wp","href":"https:\/\/api.w.org\/{rel}","templated":true}]}}