{"id":3439,"date":"2020-05-18T08:43:50","date_gmt":"2020-05-18T08:43:50","guid":{"rendered":"https:\/\/innovate.baselarea.swiss\/?page_id=3439"},"modified":"2020-10-01T14:50:38","modified_gmt":"2020-10-01T14:50:38","slug":"acceleration","status":"publish","type":"page","link":"https:\/\/testinnovate.baselarea.swiss\/fr\/services\/acceleration\/","title":{"rendered":"Acc\u00e9l\u00e9ration"},"content":{"rendered":"[vc_row type=&#8221;full_width_background&#8221; full_screen_row_position=&#8221;middle&#8221; equal_height=&#8221;yes&#8221; content_placement=&#8221;middle&#8221; column_margin=&#8221;default&#8221; bg_image=&#8221;954&#8243; bg_position=&#8221;center center&#8221; bg_repeat=&#8221;no-repeat&#8221; scene_position=&#8221;center&#8221; text_color=&#8221;dark&#8221; text_align=&#8221;left&#8221; class=&#8221;heroimage&#8221; overlay_strength=&#8221;0.3&#8243; shape_divider_position=&#8221;bottom&#8221; bg_image_animation=&#8221;none&#8221; shape_type=&#8221;&#8221;][vc_column column_padding=&#8221;no-extra-padding&#8221; column_padding_position=&#8221;top-bottom&#8221; background_color_opacity=&#8221;1&#8243; background_hover_color_opacity=&#8221;1&#8243; column_link_target=&#8221;_self&#8221; column_shadow=&#8221;none&#8221; column_border_radius=&#8221;none&#8221; width=&#8221;1\/1&#8243; tablet_width_inherit=&#8221;default&#8221; tablet_text_alignment=&#8221;default&#8221; phone_text_alignment=&#8221;default&#8221; overlay_strength=&#8221;0.3&#8243; column_border_width=&#8221;none&#8221; column_border_style=&#8221;solid&#8221; bg_image_animation=&#8221;none&#8221;][vc_row_inner equal_height=&#8221;yes&#8221; content_placement=&#8221;bottom&#8221; column_margin=&#8221;default&#8221; text_align=&#8221;left&#8221; class=&#8221;hero-content&#8221; el_id=&#8221;hero-content-box&#8221;][vc_column_inner column_padding=&#8221;no-extra-padding&#8221; column_padding_position=&#8221;all&#8221; background_color_opacity=&#8221;1&#8243; background_hover_color_opacity=&#8221;1&#8243; column_shadow=&#8221;none&#8221; column_border_radius=&#8221;none&#8221; column_link_target=&#8221;_self&#8221; width=&#8221;1\/4&#8243; tablet_width_inherit=&#8221;default&#8221; overlay_strength=&#8221;0.3&#8243; column_border_width=&#8221;none&#8221; column_border_style=&#8221;solid&#8221; bg_image_animation=&#8221;none&#8221;][\/vc_column_inner][vc_column_inner column_padding=&#8221;padding-4-percent&#8221; column_padding_position=&#8221;all&#8221; background_color=&#8221;#000000&#8243; background_color_opacity=&#8221;0.7&#8243; background_hover_color_opacity=&#8221;1&#8243; column_shadow=&#8221;none&#8221; column_border_radius=&#8221;none&#8221; column_link_target=&#8221;_self&#8221; width=&#8221;1\/2&#8243; tablet_width_inherit=&#8221;default&#8221; overlay_strength=&#8221;0.3&#8243; column_border_width=&#8221;none&#8221; column_border_style=&#8221;solid&#8221; bg_image_animation=&#8221;none&#8221;][vc_column_text]\n<h5 style=\"text-align: left\"><strong><span style=\"color: #ffffff\">| Services<\/span><\/strong><\/h5>\n[\/vc_column_text][vc_column_text]\n<h1 style=\"text-align: left\"><span style=\"color: #ffffff\">Acc\u00e9l\u00e9ration<\/span><\/h1>\n[\/vc_column_text][\/vc_column_inner][vc_column_inner column_padding=&#8221;no-extra-padding&#8221; column_padding_position=&#8221;all&#8221; background_color_opacity=&#8221;1&#8243; background_hover_color_opacity=&#8221;1&#8243; column_shadow=&#8221;none&#8221; column_border_radius=&#8221;none&#8221; column_link_target=&#8221;_self&#8221; width=&#8221;1\/4&#8243; tablet_width_inherit=&#8221;default&#8221; overlay_strength=&#8221;0.3&#8243; column_border_width=&#8221;none&#8221; column_border_style=&#8221;solid&#8221; bg_image_animation=&#8221;none&#8221;][\/vc_column_inner][\/vc_row_inner][\/vc_column][\/vc_row][vc_row type=&#8221;in_container&#8221; full_screen_row_position=&#8221;middle&#8221; column_margin=&#8221;default&#8221; scene_position=&#8221;center&#8221; text_color=&#8221;dark&#8221; text_align=&#8221;left&#8221; top_padding=&#8221;5%&#8221; bottom_padding=&#8221;5%&#8221; overlay_strength=&#8221;0.3&#8243; shape_divider_position=&#8221;bottom&#8221; bg_image_animation=&#8221;none&#8221; shape_type=&#8221;&#8221;][vc_column column_padding=&#8221;no-extra-padding&#8221; column_padding_position=&#8221;all&#8221; background_color_opacity=&#8221;1&#8243; background_hover_color_opacity=&#8221;1&#8243; column_link_target=&#8221;_self&#8221; column_shadow=&#8221;none&#8221; column_border_radius=&#8221;none&#8221; width=&#8221;1\/6&#8243; tablet_width_inherit=&#8221;default&#8221; tablet_text_alignment=&#8221;default&#8221; phone_text_alignment=&#8221;default&#8221; overlay_strength=&#8221;0.3&#8243; column_border_width=&#8221;none&#8221; column_border_style=&#8221;solid&#8221; bg_image_animation=&#8221;none&#8221;][\/vc_column][vc_column column_padding=&#8221;no-extra-padding&#8221; column_padding_position=&#8221;all&#8221; background_color_opacity=&#8221;1&#8243; background_hover_color_opacity=&#8221;1&#8243; column_link_target=&#8221;_self&#8221; column_shadow=&#8221;none&#8221; column_border_radius=&#8221;none&#8221; width=&#8221;2\/3&#8243; tablet_width_inherit=&#8221;default&#8221; tablet_text_alignment=&#8221;default&#8221; phone_text_alignment=&#8221;default&#8221; overlay_strength=&#8221;0.3&#8243; column_border_width=&#8221;none&#8221; column_border_style=&#8221;solid&#8221; bg_image_animation=&#8221;none&#8221;][vc_column_text]\n<h5 style=\"text-align: center\">Rassembler des experts, des entreprises et des entrepreneurs contribue \u00e0 encourager l&#8217;innovation et \u00e0 acc\u00e9l\u00e8rer la croissance des activit\u00e9s. Nos acc\u00e9l\u00e9rateurs dans trois industries cl\u00e9s \u2013les th\u00e9rapies et la biotechnologie, les soins de sant\u00e9 et la transformation industrielle \u2013 mettent entrepreneurs et innovateurs en contact avec des partenaires, des collaborateurs et des sources de financement de la r\u00e9gion Basel Area.<\/h5>\n[\/vc_column_text][\/vc_column][vc_column column_padding=&#8221;no-extra-padding&#8221; column_padding_position=&#8221;all&#8221; background_color_opacity=&#8221;1&#8243; background_hover_color_opacity=&#8221;1&#8243; column_link_target=&#8221;_self&#8221; column_shadow=&#8221;none&#8221; column_border_radius=&#8221;none&#8221; width=&#8221;1\/6&#8243; tablet_width_inherit=&#8221;default&#8221; tablet_text_alignment=&#8221;default&#8221; phone_text_alignment=&#8221;default&#8221; overlay_strength=&#8221;0.3&#8243; column_border_width=&#8221;none&#8221; column_border_style=&#8221;solid&#8221; bg_image_animation=&#8221;none&#8221;][\/vc_column][\/vc_row][vc_row type=&#8221;in_container&#8221; full_screen_row_position=&#8221;middle&#8221; column_margin=&#8221;default&#8221; scene_position=&#8221;center&#8221; text_color=&#8221;dark&#8221; text_align=&#8221;left&#8221; top_padding=&#8221;0&#8243; bottom_padding=&#8221;7%&#8221; overlay_strength=&#8221;0.3&#8243; shape_divider_position=&#8221;bottom&#8221; bg_image_animation=&#8221;none&#8221; shape_type=&#8221;&#8221;][vc_column column_padding=&#8221;no-extra-padding&#8221; column_padding_position=&#8221;all&#8221; background_color_opacity=&#8221;1&#8243; background_hover_color_opacity=&#8221;1&#8243; column_link_target=&#8221;_self&#8221; column_shadow=&#8221;none&#8221; column_border_radius=&#8221;none&#8221; width=&#8221;1\/1&#8243; tablet_width_inherit=&#8221;default&#8221; tablet_text_alignment=&#8221;default&#8221; phone_text_alignment=&#8221;default&#8221; overlay_strength=&#8221;0.3&#8243; column_border_width=&#8221;none&#8221; column_border_style=&#8221;solid&#8221; bg_image_animation=&#8221;none&#8221;][vc_row_inner column_margin=&#8221;default&#8221; text_align=&#8221;left&#8221;][vc_column_inner column_padding=&#8221;no-extra-padding&#8221; column_padding_position=&#8221;all&#8221; background_color_opacity=&#8221;1&#8243; background_hover_color_opacity=&#8221;1&#8243; column_shadow=&#8221;none&#8221; column_border_radius=&#8221;none&#8221; column_link_target=&#8221;_self&#8221; width=&#8221;1\/3&#8243; tablet_width_inherit=&#8221;default&#8221; overlay_strength=&#8221;0.3&#8243; column_border_width=&#8221;none&#8221; column_border_style=&#8221;solid&#8221; bg_image_animation=&#8221;none&#8221;][image_with_animation image_url=&#8221;982&#8243; alignment=&#8221;&#8221; animation=&#8221;None&#8221; hover_animation=&#8221;none&#8221; border_radius=&#8221;none&#8221; box_shadow=&#8221;none&#8221; image_loading=&#8221;default&#8221; max_width=&#8221;100%&#8221; max_width_mobile=&#8221;default&#8221;][vc_column_text css=&#8221;.vc_custom_1589812966559{padding-top: 30px !important;padding-bottom: 20px !important;}&#8221;]\n<h3>Soutenir l&#8217;innovation th\u00e9rapeutique<\/h3>\n[\/vc_column_text][vc_column_text]BaseLaunch fait office d\u2019incubateur et d\u2019acc\u00e9l\u00e9rateur pour les jeunes entreprises th\u00e9rapeutiques \u00e0 un stade pr\u00e9coce de leur d\u00e9veloppement. Depuis d\u00e9but 2018, BaseLaunch a soutenu neuf jeunes entreprises. Ensemble, ils ont lev\u00e9 plus de 160 millions de CHF de financement \u00e0 ce jour. Chaque jeune entreprise peut b\u00e9n\u00e9ficier d\u2019un financement d&#8217;un maximum de 500 000 CHF, et BaseLaunch fournit un soutien de terrain pour d\u00e9velopper les entreprises ex nihilo jusqu&#8217;\u00e0 ce qu&#8217;elles parviennent \u00e0 lever des financements et\/ou \u00e0 s\u2019engager dans des collaborations strat\u00e9giques.[\/vc_column_text][nectar_cta btn_style=&#8221;see-through&#8221; heading_tag=&#8221;h6&#8243; text_color=&#8221;#ae1022&#8243; button_color=&#8221;default&#8221; link_type=&#8221;regular&#8221; alignment=&#8221;left&#8221; display=&#8221;block&#8221; link_text=&#8221;En savoir plus&#8221; url=&#8221;\/fr\/services\/acceleration\/baselaunch\/&#8221;][\/vc_column_inner][vc_column_inner column_padding=&#8221;no-extra-padding&#8221; column_padding_position=&#8221;all&#8221; background_color_opacity=&#8221;1&#8243; background_hover_color_opacity=&#8221;1&#8243; column_shadow=&#8221;none&#8221; column_border_radius=&#8221;none&#8221; column_link_target=&#8221;_self&#8221; width=&#8221;1\/3&#8243; tablet_width_inherit=&#8221;default&#8221; overlay_strength=&#8221;0.3&#8243; column_border_width=&#8221;none&#8221; column_border_style=&#8221;solid&#8221; bg_image_animation=&#8221;none&#8221;][image_with_animation image_url=&#8221;983&#8243; alignment=&#8221;&#8221; animation=&#8221;None&#8221; hover_animation=&#8221;none&#8221; border_radius=&#8221;none&#8221; box_shadow=&#8221;none&#8221; image_loading=&#8221;default&#8221; max_width=&#8221;100%&#8221; max_width_mobile=&#8221;default&#8221;][vc_column_text css=&#8221;.vc_custom_1589812975458{padding-top: 30px !important;padding-bottom: 20px !important;}&#8221;]\n<h3>Soutenir l&#8217;innovation dans les de sant\u00e9<\/h3>\n[\/vc_column_text][vc_column_text]DayOne Accelerator soutient de nouvelles entreprises prometteuses dans le domaine de la sant\u00e9 num\u00e9rique qui combinent des technologies r\u00e9volutionnaires, une expertise en mati\u00e8re de soins de sant\u00e9 et un esprit d&#8217;entreprise en misant sur le futur du secteur de la sant\u00e9. Les \u00e9quipes d&#8217;entreprises s\u00e9lectionn\u00e9es b\u00e9n\u00e9ficient d&#8217;un accompagnement par des experts et d&#8217;une immersion dans un \u00e9cosyst\u00e8me dynamique qui comprend des clients et des patients potentiels et un acc\u00e8s \u00e0 des financements et \u00e0 un espace d&#8217;innovation.[\/vc_column_text][nectar_cta btn_style=&#8221;see-through&#8221; heading_tag=&#8221;h6&#8243; text_color=&#8221;#ae1022&#8243; button_color=&#8221;default&#8221; link_type=&#8221;regular&#8221; alignment=&#8221;left&#8221; display=&#8221;block&#8221; link_text=&#8221;En savoir plus&#8221; url=&#8221;\/fr\/services\/acceleration\/dayone\/&#8221;][\/vc_column_inner][vc_column_inner column_padding=&#8221;no-extra-padding&#8221; column_padding_position=&#8221;all&#8221; background_color_opacity=&#8221;1&#8243; background_hover_color_opacity=&#8221;1&#8243; column_shadow=&#8221;none&#8221; column_border_radius=&#8221;none&#8221; column_link_target=&#8221;_self&#8221; width=&#8221;1\/3&#8243; tablet_width_inherit=&#8221;default&#8221; overlay_strength=&#8221;0.3&#8243; column_border_width=&#8221;none&#8221; column_border_style=&#8221;solid&#8221; bg_image_animation=&#8221;none&#8221;][image_with_animation image_url=&#8221;984&#8243; alignment=&#8221;&#8221; animation=&#8221;None&#8221; hover_animation=&#8221;none&#8221; border_radius=&#8221;none&#8221; box_shadow=&#8221;none&#8221; image_loading=&#8221;default&#8221; max_width=&#8221;100%&#8221; max_width_mobile=&#8221;default&#8221;][vc_column_text css=&#8221;.vc_custom_1589813007805{padding-top: 30px !important;padding-bottom: 20px !important;}&#8221;]\n<h3>Soutenir la transformation industrielle<\/h3>\n[\/vc_column_text][vc_column_text]L&#8217;i4Challenge est un programme destin\u00e9 aux PME, startups et initiatives d&#8217;industrie 4.0 et aux projets centr\u00e9s sur les solutions innovantes, les approches inexplor\u00e9es et les produits de nouvelle g\u00e9n\u00e9ration ou les services de transformation industrielle.[\/vc_column_text][nectar_cta btn_style=&#8221;see-through&#8221; heading_tag=&#8221;h6&#8243; text_color=&#8221;#ae1022&#8243; button_color=&#8221;default&#8221; link_type=&#8221;regular&#8221; alignment=&#8221;left&#8221; display=&#8221;block&#8221; link_text=&#8221;En savoir plus&#8221; url=&#8221;\/fr\/services\/acceleration\/i4-challenge\/&#8221;][\/vc_column_inner][\/vc_row_inner][\/vc_column][\/vc_row][vc_row type=&#8221;in_container&#8221; full_screen_row_position=&#8221;middle&#8221; column_margin=&#8221;default&#8221; scene_position=&#8221;center&#8221; text_color=&#8221;dark&#8221; text_align=&#8221;left&#8221; overlay_strength=&#8221;0.3&#8243; shape_divider_position=&#8221;bottom&#8221; bg_image_animation=&#8221;none&#8221;][vc_column column_padding=&#8221;no-extra-padding&#8221; column_padding_position=&#8221;all&#8221; background_color_opacity=&#8221;1&#8243; background_hover_color_opacity=&#8221;1&#8243; column_link_target=&#8221;_self&#8221; column_shadow=&#8221;none&#8221; column_border_radius=&#8221;none&#8221; width=&#8221;1\/1&#8243; tablet_width_inherit=&#8221;default&#8221; tablet_text_alignment=&#8221;default&#8221; phone_text_alignment=&#8221;default&#8221; overlay_strength=&#8221;0.3&#8243; column_border_width=&#8221;none&#8221; column_border_style=&#8221;solid&#8221; bg_image_animation=&#8221;none&#8221;]<div class=\"templatera_shortcode\">\n\t\t<div id=\"fws_69e208321fd99\"  data-column-margin=\"default\" data-midnight=\"dark\"  class=\"wpb_row vc_row-fluid vc_row full-width-section vc_row-o-equal-height vc_row-flex vc_row-o-content-middle\"  style=\"padding-top: 30px; padding-bottom: 30px; \"><div class=\"row-bg-wrap\" data-bg-animation=\"none\" data-bg-animation-delay=\"\" data-bg-overlay=\"false\"><div class=\"inner-wrap row-bg-layer\" ><div class=\"row-bg viewport-desktop using-bg-color\"  style=\"background-color: #ae1022; \"><\/div><\/div><\/div><div class=\"row_col_wrap_12 col span_12 dark left\">\n\t<div  class=\"vc_col-sm-9 wpb_column column_container vc_column_container col no-extra-padding\"  data-padding-pos=\"all\" data-has-bg-color=\"false\" data-bg-color=\"\" data-bg-opacity=\"1\" data-animation=\"\" data-delay=\"0\" >\n\t\t<div class=\"vc_column-inner\" >\n\t\t\t<div class=\"wpb_wrapper\">\n\t\t\t\t\n<div class=\"wpb_text_column wpb_content_element \" >\n\t<div class=\"wpb_wrapper\">\n\t\t<h2><span style=\"color: #ffffff;\">Contactez-nous concernant votre projet novateur.<\/span><\/h2>\n\t<\/div>\n<\/div>\n\n\n\n\n<div class=\"wpb_text_column wpb_content_element \" >\n\t<div class=\"wpb_wrapper\">\n\t\t<div class=\"un-bold\">\n<h3><span style=\"color: #ffffff;\"><i class=\"icon-default-style fa fa-phone extra-color-2\"><\/i> <a style=\"color: #ffffff;\" href=\"tel:+41 61 295 50 00\">+41 61 295 50 00<\/a>\u00a0 \u00a0 \u00a0 \u00a0<i class=\"icon-default-style fa fa-envelope extra-color-2\"><\/i>\u00a0 <a style=\"color: #ffffff;\" href=\"mailto:innovate@baselarea.swiss\">innovate@baselarea.swiss<\/a><\/span><\/h3>\n<\/div>\n\t<\/div>\n<\/div>\n\n\n\n\n\t\t\t<\/div> \n\t\t<\/div>\n\t<\/div> \n\n\t<div  class=\"vc_col-sm-3 wpb_column column_container vc_column_container col no-extra-padding\"  data-padding-pos=\"all\" data-has-bg-color=\"false\" data-bg-color=\"\" data-bg-opacity=\"1\" data-animation=\"\" data-delay=\"0\" >\n\t\t<div class=\"vc_column-inner\" >\n\t\t\t<div class=\"wpb_wrapper\">\n\t\t\t\t<a class=\"nectar-button jumbo regular extra-color-2  regular-button\"  style=\"color: #ae1022; \"  href=\"\/contact-us\" data-color-override=\"false\" data-hover-color-override=\"false\" data-hover-text-color-override=\"#fff\"><span>Nous Contacter<\/span><\/a>\n\t\t\t<\/div> \n\t\t<\/div>\n\t<\/div> \n<\/div><\/div><\/div>[\/vc_column][\/vc_row]\n","protected":false},"excerpt":{"rendered":"| Services Acc\u00e9l\u00e9ration Rassembler des experts, des entreprises et des entrepreneurs contribue \u00e0 encourager l'innovation et \u00e0 acc\u00e9l\u00e8rer la croissance des activit\u00e9s. Nos acc\u00e9l\u00e9rateurs dans trois industries cl\u00e9s \u2013les th\u00e9rapies...","protected":false},"author":5,"featured_media":0,"parent":3414,"menu_order":1,"comment_status":"closed","ping_status":"closed","template":"","meta":{"footnotes":""},"class_list":["post-3439","page","type-page","status-publish"],"yoast_head":"<!-- This site is optimized with the Yoast SEO Premium plugin v21.7 (Yoast SEO v24.5) - https:\/\/yoast.com\/wordpress\/plugins\/seo\/ -->\n<title>Acc\u00e9l\u00e9ration - Innovate in Basel<\/title>\n<meta name=\"robots\" content=\"noindex, follow, max-snippet:-1, max-image-preview:large, max-video-preview:-1\" \/>\n<meta property=\"og:locale\" content=\"fr_FR\" \/>\n<meta property=\"og:type\" content=\"article\" \/>\n<meta property=\"og:title\" content=\"Acc\u00e9l\u00e9ration\" \/>\n<meta property=\"og:url\" content=\"https:\/\/testinnovate.baselarea.swiss\/fr\/services\/acceleration\/\" \/>\n<meta property=\"og:site_name\" content=\"Innovate in Basel\" \/>\n<meta property=\"article:modified_time\" content=\"2020-10-01T14:50:38+00:00\" \/>\n<meta property=\"og:image\" content=\"https:\/\/testinnovate.baselarea.swiss\/\/wp-content\/uploads\/sites\/4\/2020\/03\/Med-Tech_robo-hand_Adobe-Stock-RECT-scaled.jpg\" \/>\n\t<meta property=\"og:image:width\" content=\"2560\" \/>\n\t<meta property=\"og:image:height\" content=\"1600\" \/>\n\t<meta property=\"og:image:type\" content=\"image\/jpeg\" \/>\n<meta name=\"twitter:card\" content=\"summary_large_image\" \/>\n<meta name=\"twitter:site\" content=\"@BaselArea\" \/>\n<meta name=\"twitter:label1\" content=\"Est. reading time\" \/>\n\t<meta name=\"twitter:data1\" content=\"7 minutes\" \/>\n<script type=\"application\/ld+json\" class=\"yoast-schema-graph\">{\"@context\":\"https:\/\/schema.org\",\"@graph\":[{\"@type\":\"WebPage\",\"@id\":\"https:\/\/testinnovate.baselarea.swiss\/fr\/services\/acceleration\/\",\"url\":\"https:\/\/testinnovate.baselarea.swiss\/fr\/services\/acceleration\/\",\"name\":\"Acc\u00e9l\u00e9ration - Innovate in Basel\",\"isPartOf\":{\"@id\":\"https:\/\/testinnovate.baselarea.swiss\/fr\/#website\"},\"datePublished\":\"2020-05-18T08:43:50+00:00\",\"dateModified\":\"2020-10-01T14:50:38+00:00\",\"breadcrumb\":{\"@id\":\"https:\/\/testinnovate.baselarea.swiss\/fr\/services\/acceleration\/#breadcrumb\"},\"inLanguage\":\"fr-CH\",\"potentialAction\":[{\"@type\":\"ReadAction\",\"target\":[\"https:\/\/testinnovate.baselarea.swiss\/fr\/services\/acceleration\/\"]}]},{\"@type\":\"BreadcrumbList\",\"@id\":\"https:\/\/testinnovate.baselarea.swiss\/fr\/services\/acceleration\/#breadcrumb\",\"itemListElement\":[{\"@type\":\"ListItem\",\"position\":1,\"name\":\"Home\",\"item\":\"https:\/\/testinnovate.baselarea.swiss\/fr\/\"},{\"@type\":\"ListItem\",\"position\":2,\"name\":\"Services\",\"item\":\"https:\/\/testinnovate.baselarea.swiss\/fr\/services\/\"},{\"@type\":\"ListItem\",\"position\":3,\"name\":\"Acc\u00e9l\u00e9ration\"}]},{\"@type\":\"WebSite\",\"@id\":\"https:\/\/testinnovate.baselarea.swiss\/fr\/#website\",\"url\":\"https:\/\/testinnovate.baselarea.swiss\/fr\/\",\"name\":\"Innovate in Basel\",\"description\":\"Innovate website\",\"potentialAction\":[{\"@type\":\"SearchAction\",\"target\":{\"@type\":\"EntryPoint\",\"urlTemplate\":\"https:\/\/testinnovate.baselarea.swiss\/fr\/?s={search_term_string}\"},\"query-input\":{\"@type\":\"PropertyValueSpecification\",\"valueRequired\":true,\"valueName\":\"search_term_string\"}}],\"inLanguage\":\"fr-CH\"}]}<\/script>\n<!-- \/ Yoast SEO Premium plugin. -->","yoast_head_json":{"title":"Acc\u00e9l\u00e9ration - Innovate in Basel","robots":{"index":"noindex","follow":"follow","max-snippet":"max-snippet:-1","max-image-preview":"max-image-preview:large","max-video-preview":"max-video-preview:-1"},"og_locale":"fr_FR","og_type":"article","og_title":"Acc\u00e9l\u00e9ration","og_url":"https:\/\/testinnovate.baselarea.swiss\/fr\/services\/acceleration\/","og_site_name":"Innovate in Basel","article_modified_time":"2020-10-01T14:50:38+00:00","og_image":[{"width":2560,"height":1600,"url":"https:\/\/testinnovate.baselarea.swiss\/\/wp-content\/uploads\/sites\/4\/2020\/03\/Med-Tech_robo-hand_Adobe-Stock-RECT-scaled.jpg","type":"image\/jpeg"}],"twitter_card":"summary_large_image","twitter_site":"@BaselArea","twitter_misc":{"Est. reading time":"7 minutes"},"schema":{"@context":"https:\/\/schema.org","@graph":[{"@type":"WebPage","@id":"https:\/\/testinnovate.baselarea.swiss\/fr\/services\/acceleration\/","url":"https:\/\/testinnovate.baselarea.swiss\/fr\/services\/acceleration\/","name":"Acc\u00e9l\u00e9ration - Innovate in Basel","isPartOf":{"@id":"https:\/\/testinnovate.baselarea.swiss\/fr\/#website"},"datePublished":"2020-05-18T08:43:50+00:00","dateModified":"2020-10-01T14:50:38+00:00","breadcrumb":{"@id":"https:\/\/testinnovate.baselarea.swiss\/fr\/services\/acceleration\/#breadcrumb"},"inLanguage":"fr-CH","potentialAction":[{"@type":"ReadAction","target":["https:\/\/testinnovate.baselarea.swiss\/fr\/services\/acceleration\/"]}]},{"@type":"BreadcrumbList","@id":"https:\/\/testinnovate.baselarea.swiss\/fr\/services\/acceleration\/#breadcrumb","itemListElement":[{"@type":"ListItem","position":1,"name":"Home","item":"https:\/\/testinnovate.baselarea.swiss\/fr\/"},{"@type":"ListItem","position":2,"name":"Services","item":"https:\/\/testinnovate.baselarea.swiss\/fr\/services\/"},{"@type":"ListItem","position":3,"name":"Acc\u00e9l\u00e9ration"}]},{"@type":"WebSite","@id":"https:\/\/testinnovate.baselarea.swiss\/fr\/#website","url":"https:\/\/testinnovate.baselarea.swiss\/fr\/","name":"Innovate in Basel","description":"Innovate website","potentialAction":[{"@type":"SearchAction","target":{"@type":"EntryPoint","urlTemplate":"https:\/\/testinnovate.baselarea.swiss\/fr\/?s={search_term_string}"},"query-input":{"@type":"PropertyValueSpecification","valueRequired":true,"valueName":"search_term_string"}}],"inLanguage":"fr-CH"}]}},"_links":{"self":[{"href":"https:\/\/testinnovate.baselarea.swiss\/fr\/wp-json\/wp\/v2\/pages\/3439","targetHints":{"allow":["GET"]}}],"collection":[{"href":"https:\/\/testinnovate.baselarea.swiss\/fr\/wp-json\/wp\/v2\/pages"}],"about":[{"href":"https:\/\/testinnovate.baselarea.swiss\/fr\/wp-json\/wp\/v2\/types\/page"}],"author":[{"embeddable":true,"href":"https:\/\/testinnovate.baselarea.swiss\/fr\/wp-json\/wp\/v2\/users\/5"}],"replies":[{"embeddable":true,"href":"https:\/\/testinnovate.baselarea.swiss\/fr\/wp-json\/wp\/v2\/comments?post=3439"}],"version-history":[{"count":8,"href":"https:\/\/testinnovate.baselarea.swiss\/fr\/wp-json\/wp\/v2\/pages\/3439\/revisions"}],"predecessor-version":[{"id":4885,"href":"https:\/\/testinnovate.baselarea.swiss\/fr\/wp-json\/wp\/v2\/pages\/3439\/revisions\/4885"}],"up":[{"embeddable":true,"href":"https:\/\/testinnovate.baselarea.swiss\/fr\/wp-json\/wp\/v2\/pages\/3414"}],"wp:attachment":[{"href":"https:\/\/testinnovate.baselarea.swiss\/fr\/wp-json\/wp\/v2\/media?parent=3439"}],"curies":[{"name":"wp","href":"https:\/\/api.w.org\/{rel}","templated":true}]}}